{"id":1098,"date":"2019-04-02T12:55:00","date_gmt":"2019-04-02T12:55:00","guid":{"rendered":"http:\/\/maiorescu.ro\/nou2015\/?page_id=1098"},"modified":"2019-04-02T12:55:00","modified_gmt":"2019-04-02T12:55:00","slug":"proiect-familia-mea","status":"publish","type":"page","link":"https:\/\/maiorescu.ro\/nou2015\/proiect-familia-mea\/","title":{"rendered":"Proiect \u201dFamilia mea\u201d"},"content":{"rendered":"\n<p>Revista proiectului din anul \u0219colar 2018-2019 se g\u0103se\u0219te <a href=\"https:\/\/drive.google.com\/open?id=1r_8sHcRxCuIBJOONBMxWKWX5v-YZAGcX\">aici<\/a>.<\/p>\n\n\n\n<p>Proiectul \u201dFamilia mea\u201d se desf\u0103\u0219oar\u0103 \u00een \u0219coala noastr\u0103 \u00eencep\u00e2nd din anul \u0219colar 2018 &#8211; 2019, este un proiect \u00een parteneriat cu \u0218coala gimnazial\u0103 nr. 7 Giurgiu \u0219i presupune participarea elevilor cu un produs. Regulamentul de participare se g\u0103se\u0219te <a href=\"https:\/\/drive.google.com\/file\/d\/1ahHMcL3niibrfyZd5U7TanoabyT1ELyv\/view?usp=sharing\">aici.<\/a><\/p>\n\n\n\n<p>Fi\u0219a de \u00eenscriere pentru profesorii \u00eendrum\u0103tori se g\u0103se\u0219te <a href=\"https:\/\/drive.google.com\/file\/d\/12Vefx4ACWtpU3q4EoKmy8VgB-IMNgvTQ\/view?usp=sharing\">aici.<\/a><\/p>\n\n\n\n<p>Termenul de predare a lucr\u0103rilor este 6 noiembrie 2018.<\/p>\n\n\n\n<p>Informa\u021bii suplimentare la prof. Chiricioglu Alina \u0219i prof. M\u0103c\u0103nea\u021b\u0103 Mihaela.<\/p>\n","protected":false},"excerpt":{"rendered":"<p>Revista proiectului din anul \u0219colar 2018-2019 se g\u0103se\u0219te aici. Proiectul \u201dFamilia mea\u201d se desf\u0103\u0219oar\u0103 \u00een \u0219coala noastr\u0103 \u00eencep\u00e2nd din anul \u0219colar 2018 &#8211; 2019, este un proiect \u00een parteneriat cu \u0218coala gimnazial\u0103 nr. 7 Giurgiu \u0219i presupune participarea elevilor cu &hellip; <a href=\"https:\/\/maiorescu.ro\/nou2015\/proiect-familia-mea\/\">Continu\u0103 s\u0103 cite\u0219ti <span class=\"meta-nav\">&rarr;<\/span><\/a><\/p>\n","protected":false},"author":1,"featured_media":0,"parent":0,"menu_order":0,"comment_status":"closed","ping_status":"closed","template":"","meta":{"footnotes":""},"class_list":["post-1098","page","type-page","status-publish","hentry"],"_links":{"self":[{"href":"https:\/\/maiorescu.ro\/nou2015\/wp-json\/wp\/v2\/pages\/1098","targetHints":{"allow":["GET"]}}],"collection":[{"href":"https:\/\/maiorescu.ro\/nou2015\/wp-json\/wp\/v2\/pages"}],"about":[{"href":"https:\/\/maiorescu.ro\/nou2015\/wp-json\/wp\/v2\/types\/page"}],"author":[{"embeddable":true,"href":"https:\/\/maiorescu.ro\/nou2015\/wp-json\/wp\/v2\/users\/1"}],"replies":[{"embeddable":true,"href":"https:\/\/maiorescu.ro\/nou2015\/wp-json\/wp\/v2\/comments?post=1098"}],"version-history":[{"count":1,"href":"https:\/\/maiorescu.ro\/nou2015\/wp-json\/wp\/v2\/pages\/1098\/revisions"}],"predecessor-version":[{"id":1100,"href":"https:\/\/maiorescu.ro\/nou2015\/wp-json\/wp\/v2\/pages\/1098\/revisions\/1100"}],"wp:attachment":[{"href":"https:\/\/maiorescu.ro\/nou2015\/wp-json\/wp\/v2\/media?parent=1098"}],"curies":[{"name":"wp","href":"https:\/\/api.w.org\/{rel}","templated":true}]}}