{"id":1331,"date":"2020-05-25T13:28:39","date_gmt":"2020-05-25T13:28:39","guid":{"rendered":"http:\/\/maiorescu.ro\/nou2015\/?page_id=1331"},"modified":"2021-04-28T15:50:47","modified_gmt":"2021-04-28T15:50:47","slug":"evaluare-nationala","status":"publish","type":"page","link":"https:\/\/maiorescu.ro\/nou2015\/evaluare-nationala\/","title":{"rendered":"Evaluare Na\u021bional\u0103"},"content":{"rendered":"\n<p><strong>Documente legislative \u00een vederea bunei desf\u0103\u0219ur\u0103ri a examenului de Evaluare Na\u021bional\u0103 2021<\/strong><\/p>\n\n\n\n<ul class=\"wp-block-list\"><li>Ordin privind organizarea \u0219i desf\u0103\u0219urarea Evalu\u0103rii Na\u021bionale pentru absolven\u021bii clasei a VIII-a \u00een anul \u0219colar 2020-2021 <a href=\"https:\/\/drive.google.com\/file\/d\/17-UYpoqh4P5teWlI_nOZkiCGoP0EUTsJ\/view?usp=sharinghttps:\/\/drive.google.com\/file\/d\/17-UYpoqh4P5teWlI_nOZkiCGoP0EUTsJ\/view?usp=sharing\" target=\"_blank\" rel=\"noreferrer noopener\" aria-label=\" (se deschide \u00eentr-o fil\u0103 nou\u0103)\">Ordin 5455\/2020<\/a><\/li><li>Programele pentru Evaluarea Na\u021bional\u0103 pentru absolven\u021bii clasei a VIII-a <a rel=\"noreferrer noopener\" aria-label=\" (se deschide \u00eentr-o fil\u0103 nou\u0103)\" href=\"https:\/\/drive.google.com\/file\/d\/1QwPVZbmgHAZWiiX7dUAEeg5VVpTKc9oa\/view?usp=sharing\" target=\"_blank\">Anexa 1<\/a><\/li><li><a rel=\"noreferrer noopener\" aria-label=\" (se deschide \u00eentr-o fil\u0103 nou\u0103)\" href=\"https:\/\/drive.google.com\/file\/d\/1qj6ncG3mLkqZqTilzMITQOVm9ivrvgWN\/view?usp=sharing\" target=\"_blank\">Calendarul de desf\u0103\u0219urare a Evalu\u0103rii Na\u021bionale 2021 <\/a><\/li><\/ul>\n\n\n\n<p><\/p>\n","protected":false},"excerpt":{"rendered":"<p>Documente legislative \u00een vederea bunei desf\u0103\u0219ur\u0103ri a examenului de Evaluare Na\u021bional\u0103 2021 Ordin privind organizarea \u0219i desf\u0103\u0219urarea Evalu\u0103rii Na\u021bionale pentru absolven\u021bii clasei a VIII-a \u00een anul \u0219colar 2020-2021 Ordin 5455\/2020 Programele pentru Evaluarea Na\u021bional\u0103 pentru absolven\u021bii clasei a VIII-a Anexa &hellip; <a href=\"https:\/\/maiorescu.ro\/nou2015\/evaluare-nationala\/\">Continu\u0103 s\u0103 cite\u0219ti <span class=\"meta-nav\">&rarr;<\/span><\/a><\/p>\n","protected":false},"author":1,"featured_media":0,"parent":0,"menu_order":0,"comment_status":"closed","ping_status":"closed","template":"","meta":{"footnotes":""},"class_list":["post-1331","page","type-page","status-publish","hentry"],"_links":{"self":[{"href":"https:\/\/maiorescu.ro\/nou2015\/wp-json\/wp\/v2\/pages\/1331","targetHints":{"allow":["GET"]}}],"collection":[{"href":"https:\/\/maiorescu.ro\/nou2015\/wp-json\/wp\/v2\/pages"}],"about":[{"href":"https:\/\/maiorescu.ro\/nou2015\/wp-json\/wp\/v2\/types\/page"}],"author":[{"embeddable":true,"href":"https:\/\/maiorescu.ro\/nou2015\/wp-json\/wp\/v2\/users\/1"}],"replies":[{"embeddable":true,"href":"https:\/\/maiorescu.ro\/nou2015\/wp-json\/wp\/v2\/comments?post=1331"}],"version-history":[{"count":10,"href":"https:\/\/maiorescu.ro\/nou2015\/wp-json\/wp\/v2\/pages\/1331\/revisions"}],"predecessor-version":[{"id":1478,"href":"https:\/\/maiorescu.ro\/nou2015\/wp-json\/wp\/v2\/pages\/1331\/revisions\/1478"}],"wp:attachment":[{"href":"https:\/\/maiorescu.ro\/nou2015\/wp-json\/wp\/v2\/media?parent=1331"}],"curies":[{"name":"wp","href":"https:\/\/api.w.org\/{rel}","templated":true}]}}