{"id":134,"date":"2016-02-15T09:17:41","date_gmt":"2016-02-15T09:17:41","guid":{"rendered":"http:\/\/maiorescu.ro\/nou2015\/?page_id=134"},"modified":"2016-02-15T09:17:41","modified_gmt":"2016-02-15T09:17:41","slug":"viziunea-si-misiunea-scolii","status":"publish","type":"page","link":"https:\/\/maiorescu.ro\/nou2015\/viziunea-si-misiunea-scolii\/","title":{"rendered":"Viziunea \u0219i misiunea \u0219colii"},"content":{"rendered":"<p id=\"yui_3_16_0_1_1455522916218_24717\" class=\"yiv4642647518\" style=\"text-align: justify;\"><span id=\"yui_3_16_0_1_1455522916218_24716\">Valorile dominante din cultura \u015fcolii, care, sper\u0103m nu constituie doar sloganuri, ci convingeri \u00eemp\u0103rt\u0103\u015fite de \u00eentreg colectivul de cadre didactice, de \u015fcoal\u0103 \u00een ansamblu sunt:<\/span><\/p>\n<ul>\n<li><span id=\"yui_3_16_0_1_1455522916218_24824\">orientarea spre ac\u0163iune, bazat\u0103 pe o structurare \u015fi o ierarhizare adecvat\u0103 scopurilor, obiectivelor \u015fi priorit\u0103\u0163ilor;<\/span><\/li>\n<li><span id=\"yui_3_16_0_1_1455522916218_24822\">orientarea spre \u201eclient\u201d, \u00eendeosebi spre actorii actului pedagogic &#8211; profesori \u015fi elevi;<\/span><\/li>\n<li><span id=\"yui_3_16_0_1_1455522916218_24820\">accentuarea ac\u0163iunilor de colaborare \u00eentre to\u0163i membrii organiza\u0163iei;<\/span><\/li>\n<li><span id=\"yui_3_16_0_1_1455522916218_24818\">cultivarea competi\u0163iei, bazat\u0103 pe recunoa\u015fterea succesului academic al profesorilor \u015fi elevilor;<\/span><\/li>\n<li><span id=\"yui_3_16_0_1_1455522916218_24816\">stimularea \u015fi sus\u0163inerea autoperfec\u0163ion\u0103rii \u015fi autodezvolt\u0103rii, prin formarea \u201e con\u015ftiin\u0163ei de sine\u201d a \u015fcolii;<\/span><\/li>\n<li><span id=\"yui_3_16_0_1_1455522916218_24814\">cre\u015fterea responsabilit\u0103\u0163ilor \u015fcolii, a profesorilor, pentru calitatea actului educativ \u015fi a rezultatelor;<\/span><\/li>\n<li><span id=\"yui_3_16_0_1_1455522916218_24932\">conducerea participativ\u0103;<\/span><\/li>\n<li><span id=\"yui_3_16_0_1_1455522916218_24934\">valorizarea p\u0103rin\u0163ilor \u015fi a comunit\u0103\u0163ii locale ca parteneri ai \u015fcolii.<\/span><\/li>\n<\/ul>\n<p id=\"yui_3_16_0_1_1455522916218_24754\" class=\"yiv4642647518\" style=\"text-align: justify;\"><span id=\"yui_3_16_0_1_1455522916218_24753\">Pornind de la aceste deziderate stabilite de documentele educa\u0163ionale \u00een vigoare, avem \u00een vedere \u00een continuare\u00a0 concertarea eforturilor pentru ca elevii s\u0103 dob\u00e2ndeasc\u00e3 o preg\u00e3tire general\u00e3 bun\u0103, cuno\u015ftin\u0163e aprofundate \u00een domeniile legate de viitoarea carier\u0103, competen\u0163e necesare inser\u0163iei sociale \u015fi deprinderi de munc\u0103 intelectual\u0103 pentru a putea \u00eenv\u0103\u0163a pe tot parcursul vie\u0163ii. \u00centreaga activitate va fi organizat\u0103 de a\u015fa manier\u0103 \u00eenc\u00e2t s\u0103 se creeze \u00een CNIM un mediu educa\u0163ional profesionist, la standarde instruc\u0163ionale \u015fi morale \u00eenalte.<\/span><\/p>\n<p id=\"yui_3_16_0_1_1455522916218_24937\" class=\"yiv4642647518\" style=\"text-align: justify;\"><span id=\"yui_3_16_0_1_1455522916218_24936\">Profilului moral \u015fi ac\u0163ional al absolventului CNIM este caracterizat de un set de valori pe care ne propunem s\u0103 le promov\u0103m prin procesul de \u00eenv\u0103\u0163are \u015fi educa\u0163ie.<\/span><\/p>\n<p id=\"yui_3_16_0_1_1455522916218_24938\" class=\"yiv4642647518\">Valori promovate \u00een CNIM:<\/p>\n<ul>\n<li id=\"yui_3_16_0_1_1455522916218_24940\" class=\"yiv4642647518\"><span id=\"yui_3_16_0_1_1455522916218_24939\">Curajul \u2013 a avea puterea de a face ceea ce este bine \u015fi de a-\u015fi urma propria con\u015ftiin\u0163\u0103.<\/span><\/li>\n<li class=\"yiv4642647518\">Judecata\u00een\u0163eleapt\u0103 \u2013 a defini \u015fi a \u00een\u0163elege scopurile valoroase \u015fi a stabili priorit\u0103\u0163ile; a g\u00e2ndi prin prisma consecin\u0163elor ac\u0163iunilor \u015fi a fundamenta deciziile pe \u00een\u0163elepciunea practic\u0103.<\/li>\n<li class=\"yiv4642647518\">Integritatea \u2013 a avea puterea interioar\u0103 de a spune adev\u0103rul, de a ac\u0163iona onest \u00een g\u00e2nd \u015fi \u00een fapt\u0103.<\/li>\n<li class=\"yiv4642647518\">Bun\u0103tatea\u2013 a ar\u0103ta grij\u0103 \u015fi compasiune, prietenie \u015fi generozitate fa\u0163\u0103 de ceilal\u0163i.<\/li>\n<li class=\"yiv4642647518\">Perseveren\u0163a \u2013 a fi consecvent \u015fi a g\u0103si puterea de a merge mai departe \u00een ciuda dificult\u0103\u0163ilor, a e\u015fecurilor personale.<\/li>\n<li class=\"yiv4642647518\">Respectul \u2013 a ar\u0103ta considera\u0163ie fa\u0163\u0103 de oameni, fa\u0163\u0103 de autorit\u0103\u0163i, fa\u0163\u0103 de proprietate \u015fi, nu \u00een ultimul r\u00e2nd, fa\u0163\u0103 de propria persoan\u0103.<\/li>\n<li class=\"yiv4642647518\">Responsabilitatea \u2013 a duce la \u00eendeplinire cu consecven\u0163\u0103 obliga\u0163iile care revin fiec\u0103ruia, asumarea r\u0103spunderii pentru propriile ac\u0163iuni.<\/li>\n<li class=\"yiv4642647518\">Autodisciplina \u2013 a avea control asupra propriilor ac\u0163iuni, cuvinte, dorin\u0163e \u00eempulsuri \u015fi a avea un comportament adecvat oric\u0103rei situa\u0163ii; a da tot ce ai mai bun \u00een orice \u00eemprejurare.<\/li>\n<\/ul>\n<p class=\"yiv4642647518\" style=\"text-align: justify;\">Toate cadrele didactice au obliga\u0163ia moral\u0103 \u015fi profesional\u0103 s\u0103 \u00ee\u015fi organizeze lec\u0163iile \u015fi activit\u0103\u0163ile extra\u015fcolare\u00a0 \u00een a\u015fa fel\u00a0 \u00eenc\u00e2t s\u0103 formeze elevi\u00a0 care s\u0103 fie capabili:<\/p>\n<ul>\n<li class=\"yiv4642647518\">s\u0103-\u015fi cunoasc\u0103 propria valoare;<\/li>\n<li class=\"yiv4642647518\">s\u0103 \u00eencerce s\u0103 se autodep\u0103\u015feasc\u0103;<\/li>\n<li class=\"yiv4642647518\">s\u0103 g\u00e2ndeasc\u0103 independent;<\/li>\n<li class=\"yiv4642647518\">s\u0103-\u015fi rezolve singuri problemele;<\/li>\n<li class=\"yiv4642647518\">s\u0103-\u015fi planifice sarcini \u015fi s\u0103 le \u00eendeplineasc\u0103;<\/li>\n<li class=\"yiv4642647518\">s\u0103 \u00eenve\u0163e s\u0103 se protejeze singuri;<\/li>\n<li id=\"yui_3_16_0_1_1455522916218_24744\" class=\"yiv4642647518\"><span id=\"yui_3_16_0_1_1455522916218_24743\">s\u0103 comunice \u00een mod eficient cu ceilal\u0163i.<\/span><\/li>\n<\/ul>\n<p id=\"yui_3_16_0_1_1455522916218_24746\" class=\"yiv4642647518\" style=\"text-align: justify;\"><span id=\"yui_3_16_0_1_1455522916218_24745\">Desigur, pentru a putea s\u0103 formeze aceste competen\u0163e elevilor, toate cadrele didactice din CNIM trebuie s\u0103 fac\u0103 dovada prin activitatea de zi cu zi c\u0103 le au ei \u00een\u015fi\u015fi.<\/span><\/p>\n<p id=\"yui_3_16_0_1_1455522916218_24750\" class=\"yiv4642647518\"><b>Misiunea \u0219colii<\/b><\/p>\n<p id=\"yui_3_16_0_1_1455522916218_24752\" class=\"yiv4642647518\" style=\"text-align: justify;\"><span id=\"yui_3_16_0_1_1455522916218_24751\">Urm\u00e2nd tradi\u0163ia \u015fcolii, de a ocupa primul loc \u00een ierarhia \u015fcolilor giurgiuvene prin performan\u0163ele absolven\u0163ilor s\u0103i,\u00a0 misiunea noastr\u0103 este dezvoltarea\u00a0 fiec\u0103rui elev la poten\u0163ialul s\u0103u maxim;\u00a0 punem accentul pe dezvoltarea valorilor promovate prin filosofia educa\u0163ional\u0103 a \u015fcolii \u015fi a competen\u0163elor cheie care \u00eei permit inser\u0163ia social\u0103 \u015fi\u00a0 \u00eenv\u0103\u0163area pe tot parcursul vie\u0163ii.<\/span><\/p>\n","protected":false},"excerpt":{"rendered":"<p>Valorile dominante din cultura \u015fcolii, care, sper\u0103m nu constituie doar sloganuri, ci convingeri \u00eemp\u0103rt\u0103\u015fite de \u00eentreg colectivul de cadre didactice, de \u015fcoal\u0103 \u00een ansamblu sunt: orientarea spre ac\u0163iune, bazat\u0103 pe o structurare \u015fi o ierarhizare adecvat\u0103 scopurilor, obiectivelor \u015fi priorit\u0103\u0163ilor; &hellip; <a href=\"https:\/\/maiorescu.ro\/nou2015\/viziunea-si-misiunea-scolii\/\">Continu\u0103 s\u0103 cite\u0219ti <span class=\"meta-nav\">&rarr;<\/span><\/a><\/p>\n","protected":false},"author":1,"featured_media":0,"parent":0,"menu_order":0,"comment_status":"closed","ping_status":"closed","template":"","meta":{"footnotes":""},"class_list":["post-134","page","type-page","status-publish","hentry"],"_links":{"self":[{"href":"https:\/\/maiorescu.ro\/nou2015\/wp-json\/wp\/v2\/pages\/134","targetHints":{"allow":["GET"]}}],"collection":[{"href":"https:\/\/maiorescu.ro\/nou2015\/wp-json\/wp\/v2\/pages"}],"about":[{"href":"https:\/\/maiorescu.ro\/nou2015\/wp-json\/wp\/v2\/types\/page"}],"author":[{"embeddable":true,"href":"https:\/\/maiorescu.ro\/nou2015\/wp-json\/wp\/v2\/users\/1"}],"replies":[{"embeddable":true,"href":"https:\/\/maiorescu.ro\/nou2015\/wp-json\/wp\/v2\/comments?post=134"}],"version-history":[{"count":1,"href":"https:\/\/maiorescu.ro\/nou2015\/wp-json\/wp\/v2\/pages\/134\/revisions"}],"predecessor-version":[{"id":135,"href":"https:\/\/maiorescu.ro\/nou2015\/wp-json\/wp\/v2\/pages\/134\/revisions\/135"}],"wp:attachment":[{"href":"https:\/\/maiorescu.ro\/nou2015\/wp-json\/wp\/v2\/media?parent=134"}],"curies":[{"name":"wp","href":"https:\/\/api.w.org\/{rel}","templated":true}]}}