{"id":144,"date":"2016-02-15T10:06:19","date_gmt":"2016-02-15T10:06:19","guid":{"rendered":"http:\/\/maiorescu.ro\/nou2015\/?page_id=144"},"modified":"2016-02-26T10:36:05","modified_gmt":"2016-02-26T10:36:05","slug":"imnul-scolii","status":"publish","type":"page","link":"https:\/\/maiorescu.ro\/nou2015\/imnul-scolii\/","title":{"rendered":"Imnul \u0219colii"},"content":{"rendered":"<h3>Muzica: profesor Victor Karpis<br \/>\nVersuri: profesor Vasile Barbu Jora<\/h3>\n<h3>\n\u00cen valea giurgiuvean\u0103<br \/>\nA Istrului b\u0103tr\u00e2n,<br \/>\nDin veac in veac rom\u00e2nii<br \/>\n\u00cenfr\u00e2nt-au pe p\u0103g\u00e2n.<\/h3>\n<h3>\nPierind raiaua Giurgiu,<br \/>\nRom\u00e2nii-s libera\u021bi,<br \/>\nIar \u021bara-i \u00eentregit\u0103<br \/>\nC-un tricolor la fra\u021bi.<\/h3>\n<h3>\u0218i visuri f\u0103urir\u0103<br \/>\n\u0218i \u0219coal\u0103 \u0219i soldat,<br \/>\nLiceul Maiorescu<br \/>\nDe at\u00e2\u021bia ani fondat.<\/h3>\n<h3>M\u0103rit fii, dar, de-a pururi<br \/>\n\u0218i opera-\u021bi la fel,<br \/>\nSl\u0103vi\u021bi liceul vostru<br \/>\n\u0218i ctitorii cu el!<\/h3>\n","protected":false},"excerpt":{"rendered":"<p>Muzica: profesor Victor Karpis Versuri: profesor Vasile Barbu Jora \u00cen valea giurgiuvean\u0103 A Istrului b\u0103tr\u00e2n, Din veac in veac rom\u00e2nii \u00cenfr\u00e2nt-au pe p\u0103g\u00e2n. Pierind raiaua Giurgiu, Rom\u00e2nii-s libera\u021bi, Iar \u021bara-i \u00eentregit\u0103 C-un tricolor la fra\u021bi. \u0218i visuri f\u0103urir\u0103 \u0218i \u0219coal\u0103 &hellip; <a href=\"https:\/\/maiorescu.ro\/nou2015\/imnul-scolii\/\">Continu\u0103 s\u0103 cite\u0219ti <span class=\"meta-nav\">&rarr;<\/span><\/a><\/p>\n","protected":false},"author":1,"featured_media":0,"parent":0,"menu_order":0,"comment_status":"closed","ping_status":"closed","template":"","meta":{"footnotes":""},"class_list":["post-144","page","type-page","status-publish","hentry"],"_links":{"self":[{"href":"https:\/\/maiorescu.ro\/nou2015\/wp-json\/wp\/v2\/pages\/144","targetHints":{"allow":["GET"]}}],"collection":[{"href":"https:\/\/maiorescu.ro\/nou2015\/wp-json\/wp\/v2\/pages"}],"about":[{"href":"https:\/\/maiorescu.ro\/nou2015\/wp-json\/wp\/v2\/types\/page"}],"author":[{"embeddable":true,"href":"https:\/\/maiorescu.ro\/nou2015\/wp-json\/wp\/v2\/users\/1"}],"replies":[{"embeddable":true,"href":"https:\/\/maiorescu.ro\/nou2015\/wp-json\/wp\/v2\/comments?post=144"}],"version-history":[{"count":2,"href":"https:\/\/maiorescu.ro\/nou2015\/wp-json\/wp\/v2\/pages\/144\/revisions"}],"predecessor-version":[{"id":161,"href":"https:\/\/maiorescu.ro\/nou2015\/wp-json\/wp\/v2\/pages\/144\/revisions\/161"}],"wp:attachment":[{"href":"https:\/\/maiorescu.ro\/nou2015\/wp-json\/wp\/v2\/media?parent=144"}],"curies":[{"name":"wp","href":"https:\/\/api.w.org\/{rel}","templated":true}]}}