{"id":2110,"date":"2025-11-06T19:12:43","date_gmt":"2025-11-06T19:12:43","guid":{"rendered":"https:\/\/maiorescu.ro\/nou2015\/?page_id=2110"},"modified":"2026-03-07T08:09:17","modified_gmt":"2026-03-07T08:09:17","slug":"prieteni-ruse","status":"publish","type":"page","link":"https:\/\/maiorescu.ro\/nou2015\/prieteni-ruse\/","title":{"rendered":"Prieteni"},"content":{"rendered":"\n<p><a href=\"https:\/\/drive.google.com\/drive\/folders\/1SOph1bw36f9Ncqb3Sjl41W6vRBTpjj_T?usp=sharing\">O trecere in revista a activit\u0103\u021bilor din februarie 2026.<\/a><\/p>\n\n\n\n<figure class=\"wp-block-gallery has-nested-images columns-default is-cropped wp-block-gallery-1 is-layout-flex wp-block-gallery-is-layout-flex\"><\/figure>\n\n\n\n<p><p align=\"justify\">                \u00cen data de 6 noiembrie 2025, s-a deschis calea unui proiect transfrontalier care vizeaz\u0103 \u00eenfr\u0103\u021birea Colegiului Na\u021bional &#8222;Ion Maiorescu&#8221;, din Giurgiu cu Liceul &#8222;Hristo Botev&#8221; din Ruse. La \u00eent\u00e2lnirea organizat\u0103 de domnul viceprimar Ionel Muscalu \u0219i de doamna Lili Ganceva, director al Asocia\u021biei &#8222;Euroregiunea Danubius Giurgiu-Ruse&#8221;, a participat o delega\u021bie a liceului din Ruse, format\u0103 din doamna director \u0219i doi profesori, doamna director adjunct al Muzeului Regional de Istorie Ruse \u0219i doi reprezentan\u021bi ai Prefecturii Ruse. Din partea CNIM, au fost prezente la \u00eentrevedere doamna director Nan C\u0103t\u0103lina, doamna director adjunct David Cristina \u0219i doamna consilier educativ Sabasanu Mirela. Discu\u021biile s-au desf\u0103\u0219urat sub semnul unui scop comun: dezvoltarea a personalit\u0103\u021bii tinerilor prin educa\u021bie \u0219i cultur\u0103 f\u0103r\u0103 frontiere. Vizita s-a desf\u0103\u0219urat \u00eentr-o atmosfer\u0103 de entuziasm \u0219i prietenie. Oaspe\u021bii bulgari au descoperit istoria impresionant\u0103 a CNIM, au vizitat colegiul, gr\u0103dina \u0219colar\u0103 amenajat\u0103 recent de elevii maiorescieni \u00een cadrul proiectului &#8222;Natura din curtea \u0219colii&#8221; \u0219i au g\u0103sit surse de inspira\u021bie \u00een activit\u0103\u021bile educative ale colegiului giurgiuvean. Elevii de gimnaziu, surprin\u0219i \u00eentr-o activitate cultural-artistic\u0103 inclus\u0103 \u00een programul &#8222;\u0218coala Altfel&#8221;, au fost \u00eenc\u00e2nta\u021bi de oaspe\u021bii bulgari, exprim\u00e2ndu-\u0219i dorin\u021ba de a se implica \u00een activit\u0103\u021bile ce urmeaz\u0103 a fi derulate \u00een cadrul proiectului.<br>            \u00cent\u00e2lnirea s-a \u00eencheiat cu promisiunea revederii la Ruse, la sf\u00e2r\u0219itul acestei luni, \u00eentr-o formul\u0103 mai ampl\u0103, al\u0103turi de elevi, iar tema propus\u0103 pentru aceast\u0103 prim\u0103 activitate este &#8222;Aspecte ale culturii tradi\u021bionale&#8221; din cele dou\u0103 \u021b\u0103ri vecine.<\/p><\/p>\n\n\n\n<figure class=\"wp-block-image size-full\"><a href=\"https:\/\/maiorescu.ro\/nou2015\/wp-content\/uploads\/2025\/11\/f899f4d6-c9c9-4033-9fc2-77734448a762.jpg\"><img loading=\"lazy\" decoding=\"async\" width=\"896\" height=\"672\" src=\"https:\/\/maiorescu.ro\/nou2015\/wp-content\/uploads\/2025\/11\/f899f4d6-c9c9-4033-9fc2-77734448a762.jpg\" alt=\"\" class=\"wp-image-2121\" srcset=\"https:\/\/maiorescu.ro\/nou2015\/wp-content\/uploads\/2025\/11\/f899f4d6-c9c9-4033-9fc2-77734448a762.jpg 896w, https:\/\/maiorescu.ro\/nou2015\/wp-content\/uploads\/2025\/11\/f899f4d6-c9c9-4033-9fc2-77734448a762-300x225.jpg 300w, https:\/\/maiorescu.ro\/nou2015\/wp-content\/uploads\/2025\/11\/f899f4d6-c9c9-4033-9fc2-77734448a762-768x576.jpg 768w\" sizes=\"auto, (max-width: 896px) 100vw, 896px\" \/><\/a><\/figure>\n\n\n\n<figure class=\"wp-block-image size-large\"><a href=\"https:\/\/maiorescu.ro\/nou2015\/wp-content\/uploads\/2025\/11\/1693ff80-b6b2-40a8-900a-1e5770b1c330.jpg\"><img loading=\"lazy\" decoding=\"async\" width=\"1024\" height=\"768\" src=\"https:\/\/maiorescu.ro\/nou2015\/wp-content\/uploads\/2025\/11\/1693ff80-b6b2-40a8-900a-1e5770b1c330-1024x768.jpg\" alt=\"\" class=\"wp-image-2123\" srcset=\"https:\/\/maiorescu.ro\/nou2015\/wp-content\/uploads\/2025\/11\/1693ff80-b6b2-40a8-900a-1e5770b1c330-1024x768.jpg 1024w, https:\/\/maiorescu.ro\/nou2015\/wp-content\/uploads\/2025\/11\/1693ff80-b6b2-40a8-900a-1e5770b1c330-300x225.jpg 300w, https:\/\/maiorescu.ro\/nou2015\/wp-content\/uploads\/2025\/11\/1693ff80-b6b2-40a8-900a-1e5770b1c330-768x576.jpg 768w, https:\/\/maiorescu.ro\/nou2015\/wp-content\/uploads\/2025\/11\/1693ff80-b6b2-40a8-900a-1e5770b1c330.jpg 1120w\" sizes=\"auto, (max-width: 1024px) 100vw, 1024px\" \/><\/a><\/figure>\n\n\n\n<figure class=\"wp-block-image size-large\"><a href=\"https:\/\/maiorescu.ro\/nou2015\/wp-content\/uploads\/2025\/11\/1e73a36b-b38e-4d34-b060-4ae89d6aec20.jpg\"><img loading=\"lazy\" decoding=\"async\" width=\"1024\" height=\"768\" src=\"https:\/\/maiorescu.ro\/nou2015\/wp-content\/uploads\/2025\/11\/1e73a36b-b38e-4d34-b060-4ae89d6aec20-1024x768.jpg\" alt=\"\" class=\"wp-image-2124\" srcset=\"https:\/\/maiorescu.ro\/nou2015\/wp-content\/uploads\/2025\/11\/1e73a36b-b38e-4d34-b060-4ae89d6aec20-1024x768.jpg 1024w, https:\/\/maiorescu.ro\/nou2015\/wp-content\/uploads\/2025\/11\/1e73a36b-b38e-4d34-b060-4ae89d6aec20-300x225.jpg 300w, https:\/\/maiorescu.ro\/nou2015\/wp-content\/uploads\/2025\/11\/1e73a36b-b38e-4d34-b060-4ae89d6aec20-768x576.jpg 768w, https:\/\/maiorescu.ro\/nou2015\/wp-content\/uploads\/2025\/11\/1e73a36b-b38e-4d34-b060-4ae89d6aec20.jpg 1280w\" sizes=\"auto, (max-width: 1024px) 100vw, 1024px\" \/><\/a><\/figure>\n\n\n\n<figure class=\"wp-block-image size-full\"><a href=\"https:\/\/maiorescu.ro\/nou2015\/wp-content\/uploads\/2025\/11\/0eb1ab4e-110f-46ea-bed2-396979f55bf8.jpg\"><img loading=\"lazy\" decoding=\"async\" width=\"605\" height=\"807\" src=\"https:\/\/maiorescu.ro\/nou2015\/wp-content\/uploads\/2025\/11\/0eb1ab4e-110f-46ea-bed2-396979f55bf8.jpg\" alt=\"\" class=\"wp-image-2125\" srcset=\"https:\/\/maiorescu.ro\/nou2015\/wp-content\/uploads\/2025\/11\/0eb1ab4e-110f-46ea-bed2-396979f55bf8.jpg 605w, https:\/\/maiorescu.ro\/nou2015\/wp-content\/uploads\/2025\/11\/0eb1ab4e-110f-46ea-bed2-396979f55bf8-225x300.jpg 225w\" sizes=\"auto, (max-width: 605px) 100vw, 605px\" \/><\/a><\/figure>\n","protected":false},"excerpt":{"rendered":"<p>O trecere in revista a activit\u0103\u021bilor din februarie 2026. \u00cen data de 6 noiembrie 2025, s-a deschis calea unui proiect transfrontalier care vizeaz\u0103 \u00eenfr\u0103\u021birea Colegiului Na\u021bional &#8222;Ion Maiorescu&#8221;, din Giurgiu cu Liceul &#8222;Hristo Botev&#8221; din Ruse. La \u00eent\u00e2lnirea organizat\u0103 de &hellip; <a href=\"https:\/\/maiorescu.ro\/nou2015\/prieteni-ruse\/\">Continu\u0103 s\u0103 cite\u0219ti <span class=\"meta-nav\">&rarr;<\/span><\/a><\/p>\n","protected":false},"author":1,"featured_media":0,"parent":0,"menu_order":0,"comment_status":"closed","ping_status":"closed","template":"","meta":{"footnotes":""},"class_list":["post-2110","page","type-page","status-publish","hentry"],"_links":{"self":[{"href":"https:\/\/maiorescu.ro\/nou2015\/wp-json\/wp\/v2\/pages\/2110","targetHints":{"allow":["GET"]}}],"collection":[{"href":"https:\/\/maiorescu.ro\/nou2015\/wp-json\/wp\/v2\/pages"}],"about":[{"href":"https:\/\/maiorescu.ro\/nou2015\/wp-json\/wp\/v2\/types\/page"}],"author":[{"embeddable":true,"href":"https:\/\/maiorescu.ro\/nou2015\/wp-json\/wp\/v2\/users\/1"}],"replies":[{"embeddable":true,"href":"https:\/\/maiorescu.ro\/nou2015\/wp-json\/wp\/v2\/comments?post=2110"}],"version-history":[{"count":16,"href":"https:\/\/maiorescu.ro\/nou2015\/wp-json\/wp\/v2\/pages\/2110\/revisions"}],"predecessor-version":[{"id":2195,"href":"https:\/\/maiorescu.ro\/nou2015\/wp-json\/wp\/v2\/pages\/2110\/revisions\/2195"}],"wp:attachment":[{"href":"https:\/\/maiorescu.ro\/nou2015\/wp-json\/wp\/v2\/media?parent=2110"}],"curies":[{"name":"wp","href":"https:\/\/api.w.org\/{rel}","templated":true}]}}