{"id":216,"date":"2016-06-10T10:02:11","date_gmt":"2016-06-10T10:02:11","guid":{"rendered":"http:\/\/maiorescu.ro\/nou2015\/?page_id=216"},"modified":"2022-11-17T09:50:53","modified_gmt":"2022-11-17T09:50:53","slug":"ceac-comisia-de-asigurare-a-calitatii","status":"publish","type":"page","link":"https:\/\/maiorescu.ro\/nou2015\/conducerea-liceului\/ceac-comisia-de-asigurare-a-calitatii\/","title":{"rendered":"CEAC Comisia de asigurare a calitatii"},"content":{"rendered":"<p>Comisia de asigurare a calitatii, documente necesare:<\/p>\n<p><a href=\"https:\/\/drive.google.com\/file\/d\/0B3RsfEBorWq_di1lVXJxdnF1Vk0\/edit?usp=sharing\">https:\/\/drive.google.com\/file\/d\/0B3RsfEBorWq_di1lVXJxdnF1Vk0\/edit?usp=sharing<\/a><\/p>\n<p><a href=\"https:\/\/drive.google.com\/file\/d\/0B3RsfEBorWq_bHAyV2dkUW02eHc\/edit?usp=sharing\">https:\/\/drive.google.com\/file\/d\/0B3RsfEBorWq_bHAyV2dkUW02eHc\/edit?usp=sharing<\/a><\/p>\n<p><strong>RAEI 2013-2014<\/strong>: <a href=\"https:\/\/drive.google.com\/file\/d\/0B0gqUqW8x-nBZExFczhaeGwzaG8\/view?usp=sharing\">Aici.&nbsp;<\/a><\/p>\n<p><strong>RAEI 2014-2015<\/strong>: <a href=\"https:\/\/drive.google.com\/file\/d\/0B3RsfEBorWq_eDA0SWszN2dESjA\/view?usp=sharing\">Aici.&nbsp;<\/a><\/p>\n<p><strong>RAEI 2015-2016<\/strong>: <a href=\"https:\/\/drive.google.com\/file\/d\/0B3RsfEBorWq_dDdpTmc1ZGE3anc\/view?usp=sharing\">Aici.<\/a><\/p>\n<p><strong>RAEI 2016-2017:<\/strong> <a href=\"https:\/\/drive.google.com\/file\/d\/0B3RsfEBorWq_S1RMZDhkZURBbU9hdWZ0MnJNTWkwczVpMXN3\/view?usp=sharing\">Aici.&nbsp;<\/a><\/p>\n<p><strong>RAEI 2017-2018: <a href=\"https:\/\/drive.google.com\/file\/d\/1N_dvWKEiuB2_wXhzkKD2q9hAtQZkNVs0\/view?usp=sharing\">Aici<\/a><\/strong><\/p>\n<p><strong>RAEI 2018-2019: <a href=\"https:\/\/drive.google.com\/file\/d\/1DhrINKQ2hIKcZZqTnW2S6tk17dMPRfF3\/view?usp=sharing\">Aici<\/a><\/strong><\/p>\n<p><strong>RAEI 2019-2020: <a href=\"https:\/\/drive.google.com\/file\/d\/1pfDf1h6_vR_PtSeNeCd-vwREcWgB1xHO\/view?usp=sharing\">Aici<\/a><\/strong><\/p>\n<p><strong>Chestionare ARACIP: <a href=\"https:\/\/drive.google.com\/drive\/folders\/0B3RsfEBorWq_QlQ1R3NEUktVYVU?usp=sharing\">Aici.<\/a><\/strong><\/p>\n<p>Autor al documentelor: prof. Floarea B\u0103lan<\/p>\n<div id=\"ext_searchPromptBtn\" style=\"top: 285px; left: 150px; z-index: auto;\">&nbsp;<\/div>\n\n\n<h3 class=\"wp-block-heading\">Comisia pentru evaluarea \u0219i asigurarea calit\u0103\u021bii \u00eenv\u0103\u021b\u0103m\u00e2ntului \u00een colegiu are urm\u0103toarea componen\u021b\u0103:<\/h3>\n\n\n\n<p>Coordonator  an \u0219colar 2022-2023- prof. Veronica Voinea<\/p>\n\n\n\n<p>Membri <\/p>\n\n\n\n<ul class=\"wp-block-list\">\n<li>prof. B\u0103lan Floarea,<\/li>\n\n\n\n<li>prof. Barbu Daniela<\/li>\n\n\n\n<li>prof. Coad\u0103 Monica<\/li>\n\n\n\n<li>prof. Burcescu Mugur &#8211; lider de sindicat<\/li>\n\n\n\n<li>Cioac\u0103 Ionu\u021b &#8211; reprezentantul Consiliului local<\/li>\n\n\n\n<li> Manta Leontina- reprezentantul p\u0103rin\u021bilor<\/li>\n\n\n\n<li>Marin Eduard &#8211; reprezentantul Consiliului elevilor<\/li>\n<\/ul>\n","protected":false},"excerpt":{"rendered":"<p>Comisia de asigurare a calitatii, documente necesare: https:\/\/drive.google.com\/file\/d\/0B3RsfEBorWq_di1lVXJxdnF1Vk0\/edit?usp=sharing https:\/\/drive.google.com\/file\/d\/0B3RsfEBorWq_bHAyV2dkUW02eHc\/edit?usp=sharing RAEI 2013-2014: Aici.&nbsp; RAEI 2014-2015: Aici.&nbsp; RAEI 2015-2016: Aici. RAEI 2016-2017: Aici.&nbsp; RAEI 2017-2018: Aici RAEI 2018-2019: Aici RAEI 2019-2020: Aici Chestionare ARACIP: Aici. Autor al documentelor: prof. Floarea B\u0103lan &nbsp; &hellip; <a href=\"https:\/\/maiorescu.ro\/nou2015\/conducerea-liceului\/ceac-comisia-de-asigurare-a-calitatii\/\">Continu\u0103 s\u0103 cite\u0219ti <span class=\"meta-nav\">&rarr;<\/span><\/a><\/p>\n","protected":false},"author":1,"featured_media":0,"parent":38,"menu_order":0,"comment_status":"closed","ping_status":"closed","template":"","meta":{"footnotes":""},"class_list":["post-216","page","type-page","status-publish","hentry"],"_links":{"self":[{"href":"https:\/\/maiorescu.ro\/nou2015\/wp-json\/wp\/v2\/pages\/216","targetHints":{"allow":["GET"]}}],"collection":[{"href":"https:\/\/maiorescu.ro\/nou2015\/wp-json\/wp\/v2\/pages"}],"about":[{"href":"https:\/\/maiorescu.ro\/nou2015\/wp-json\/wp\/v2\/types\/page"}],"author":[{"embeddable":true,"href":"https:\/\/maiorescu.ro\/nou2015\/wp-json\/wp\/v2\/users\/1"}],"replies":[{"embeddable":true,"href":"https:\/\/maiorescu.ro\/nou2015\/wp-json\/wp\/v2\/comments?post=216"}],"version-history":[{"count":10,"href":"https:\/\/maiorescu.ro\/nou2015\/wp-json\/wp\/v2\/pages\/216\/revisions"}],"predecessor-version":[{"id":1640,"href":"https:\/\/maiorescu.ro\/nou2015\/wp-json\/wp\/v2\/pages\/216\/revisions\/1640"}],"up":[{"embeddable":true,"href":"https:\/\/maiorescu.ro\/nou2015\/wp-json\/wp\/v2\/pages\/38"}],"wp:attachment":[{"href":"https:\/\/maiorescu.ro\/nou2015\/wp-json\/wp\/v2\/media?parent=216"}],"curies":[{"name":"wp","href":"https:\/\/api.w.org\/{rel}","templated":true}]}}