{"id":38,"date":"2016-01-07T17:43:18","date_gmt":"2016-01-07T17:43:18","guid":{"rendered":"http:\/\/maiorescu.ro\/nou2015\/?page_id=38"},"modified":"2025-11-05T19:10:44","modified_gmt":"2025-11-05T19:10:44","slug":"conducerea-liceului","status":"publish","type":"page","link":"https:\/\/maiorescu.ro\/nou2015\/conducerea-liceului\/","title":{"rendered":"Conducerea liceului"},"content":{"rendered":"\n<h3><strong>Director: <\/strong>prof. Nan C\u0103t\u0103lina<b><br><\/b><\/h3>\n<h3><strong>Director adjunct: <\/strong>prof.&nbsp; David Cristina<\/h3>\n<B>Directori \u0219i directori adjunc\u021bi<\/B>\n<table border=\"3\">\n<tbody>\n<tr>\n<th>Nr. crt.<\/th>\n<th>Nume director<\/th>\n<th>Nume director adjunct<\/th>\n<th>Perioada<\/th>\n<\/tr>\n<tr>\n<td>1.<\/td>\n<td>Delea Mirela<\/td>\n<td>Anton Corina<\/td>\n<td>1 septembrie2013 &#8211; iunie 2017<\/td>\n<\/tr>\n<tr>\n<td>2.<\/td>\n<td>Anton Corina<\/td>\n<td>Chitu Anca<\/td>\n<td>iunie 2017-31 august 2017<\/td>\n<\/tr>\n<tr>\n<td>3.<\/td>\n<td>Mitea Monica<\/td>\n<td>Anton Corina<\/td>\n<td>1 sept. 2017-31 august 2018<\/td>\n<\/tr>\n<tr>\n<td>4.<\/td>\n<td>&#8211;<\/td>\n<td>Anton Corina<\/td>\n<td>1 sept. 2018- octombrie 2018<\/td>\n<\/tr>\n<tr>\n<td>5.<\/td>\n<td>\u0218tirbu Ortansa<\/td>\n<td>&#8211;<\/td>\n<td>oct. 2018 &#8211; martie 2019<\/td>\n<\/tr>\n<tr>\n<td>6.<\/td>\n<td>Anton Corina<\/td>\n<td>Ababei Lucica<\/td>\n<td>martie 2019 &#8211;<\/td>\n<\/tr>\n<tr>\n<td>7.<\/td>\n<td>Anton Corina<\/td>\n<td>B\u0103d\u0103r\u0103u Claudia<\/td>\n<td>&#8211; 31 august 2022 <\/td>\n<\/tr>\n<tr>\n<td>8.<\/td>\n<td>Ababei Lucica<\/td>\n<td>Pantelimon Daniela<\/td>\n<td>1 sept 2022 &#8211; 31 august 2023<\/td>\n<\/tr>\n<tr>\n<td>8.<\/td>\n<td>Ababei Lucica<\/td>\n<td>Chi\u021bu Anca<\/td>\n<td>1 sept 2023 &#8211; 30 iunie 2024<\/td>\n<\/tr>\n<tr>\n<td>9.<\/td>\n<td>Ababei Lucica<\/td>\n<td>M\u0103c\u0103nea\u021b\u0103 Persida<\/td>\n<td>1 iulie 2024 &#8211; 15 septembrie 2025<\/td>\n<\/tr>\n<tr>\n<td>10.<\/td>\n<td>Nan C\u0103t\u0103lina<\/td>\n<td>David Cristina<\/td>\n<td>16 septembrie 2025 &#8211; <\/td>\n<\/tr>\n<\/tbody>\n<\/table>\n<p><a href=\"https:\/\/drive.google.com\/drive\/folders\/0B4opI-_Q-iSibURrZl9tX3NEZnc?usp=sharing\">Declara\u021bii de avere \u0219i de interese<\/a><\/p>\n<p><a href=\"https:\/\/drive.google.com\/drive\/folders\/1IRPZMghnRICFVxjWmzON30GkMmx0bRX1?usp=drive_link\">Declara\u021bii de avere \u0219i de interese din iulie 2024<\/a><\/p>\n<p><strong><a href=\"http:\/\/www.giurgiu-acum.ro\/colegiul-national-ion-maiorescu-inca-dovada-valorii-sale-44-de-calificati-la-etapele-nationale-ale-olimpiadelor-scolare\/\">Articol Giurgiu Acum &#8211; 23 martie 2015<\/a><\/strong><\/p>\n","protected":false},"excerpt":{"rendered":"<p>Director: prof. Nan C\u0103t\u0103lina Director adjunct: prof.&nbsp; David Cristina Directori \u0219i directori adjunc\u021bi Nr. crt. Nume director Nume director adjunct Perioada 1. Delea Mirela Anton Corina 1 septembrie2013 &#8211; iunie 2017 2. Anton Corina Chitu Anca iunie 2017-31 august 2017 &hellip; <a href=\"https:\/\/maiorescu.ro\/nou2015\/conducerea-liceului\/\">Continu\u0103 s\u0103 cite\u0219ti <span class=\"meta-nav\">&rarr;<\/span><\/a><\/p>\n","protected":false},"author":1,"featured_media":0,"parent":0,"menu_order":0,"comment_status":"closed","ping_status":"closed","template":"","meta":{"footnotes":""},"class_list":["post-38","page","type-page","status-publish","hentry"],"_links":{"self":[{"href":"https:\/\/maiorescu.ro\/nou2015\/wp-json\/wp\/v2\/pages\/38","targetHints":{"allow":["GET"]}}],"collection":[{"href":"https:\/\/maiorescu.ro\/nou2015\/wp-json\/wp\/v2\/pages"}],"about":[{"href":"https:\/\/maiorescu.ro\/nou2015\/wp-json\/wp\/v2\/types\/page"}],"author":[{"embeddable":true,"href":"https:\/\/maiorescu.ro\/nou2015\/wp-json\/wp\/v2\/users\/1"}],"replies":[{"embeddable":true,"href":"https:\/\/maiorescu.ro\/nou2015\/wp-json\/wp\/v2\/comments?post=38"}],"version-history":[{"count":43,"href":"https:\/\/maiorescu.ro\/nou2015\/wp-json\/wp\/v2\/pages\/38\/revisions"}],"predecessor-version":[{"id":2091,"href":"https:\/\/maiorescu.ro\/nou2015\/wp-json\/wp\/v2\/pages\/38\/revisions\/2091"}],"wp:attachment":[{"href":"https:\/\/maiorescu.ro\/nou2015\/wp-json\/wp\/v2\/media?parent=38"}],"curies":[{"name":"wp","href":"https:\/\/api.w.org\/{rel}","templated":true}]}}