{"id":4,"date":"2015-11-27T10:44:40","date_gmt":"2015-11-27T10:44:40","guid":{"rendered":"http:\/\/maiorescu.ro\/nou2015\/?page_id=4"},"modified":"2025-11-05T19:02:49","modified_gmt":"2025-11-05T19:02:49","slug":"ziua-nationala-a-romaniei","status":"publish","type":"page","link":"https:\/\/maiorescu.ro\/nou2015\/ziua-nationala-a-romaniei\/","title":{"rendered":"Componenta catedrelor"},"content":{"rendered":"<p><strong>Catedra de matematic\u0103<\/strong><\/p>\n<ol>\n<li>prof. Boan\u021b\u0103 Daniela<\/li>\n<li>prof. Mocanu M\u0103d\u0103lina<\/li>\n<li>prof. \u021aincu Elena<\/li>\n<li>prof. Chiricioglu Alina<\/li>\n<li>prof. Coad\u0103 Monica<\/li>\n<\/ol>\n<p><strong>Catedra de fizic\u0103<\/strong><\/p>\n<ol>\n<li>prof. Cornea Adriana<\/li>\n<li>prof. Paraschiv Liliana<\/li>\n<li>prof. Craiciu Mariana<\/li>\n<li>prof. Cornea Petre<\/li>\n<\/ol>\n<p><strong>Catedra de limba rom\u00e2n\u0103<\/strong><\/p>\n<ol>\n<li>prof. Preotu Adriana<\/li>\n<li>prof. Burcescu Venera<\/li>\n<li>prof. Burcescu Mugur<\/li>\n<li>prof. Decea Dalia<\/li>\n<li>prof. Ciulacu Elisabeta<\/li>\n<li>prof. Meclea Alina<\/li>\n<li>prof. David Cristina<\/li>\n<\/ol>\n<p><strong>Catedra de geografie<\/strong><\/p>\n<ol>\n<li>prof. Chi\u021bu Anca<\/li>\n<li>prof. Voinea Veronica<\/li>\n<li>prof. Ispas Mihaela<\/li>\n<\/ol>\n<p><strong>Catedra de chimie<\/strong><\/p>\n<ol>\n<li>prof. dr. Ababei Lucica<\/li>\n<li>prof. Cr\u0103ciun Daniela<\/li>\n<li>prof. St\u0103nescu Georgeta<\/li>\n<\/ol>\n<p><strong>Catedra de biologie<\/strong><\/p>\n<ol>\n<li>prof. Nan C\u0103t\u0103lina<\/li>\n<li>prof. Dumitru Iulia<\/li>\n<\/ol>\n<p><strong>Catedra de limbi straine<\/strong><\/p>\n<ul>\n<li><strong>Lb. englez\u0103<\/strong>\n<ol>\n<li>prof. Delea Mirela<\/li>\n<li>prof. Anton Corina<\/li>\n<li>prof. Ilie Mihaela<\/li>\n<li>prof. M\u0103n\u0103il\u0103 Maria<\/li>\n<li>prof. B\u0103d\u0103r\u0103u Claudia<\/li>\n<\/ol>\n<\/li>\n<li><strong>Lb. francez\u0103<\/strong>\n<ol>\n<li>prof. Laz\u0103r M\u0103d\u0103lina<\/li>\n<li>prof. M\u0103c\u0103nea\u021b\u0103 Mihaela Persida<\/li>\n<\/ol>\n<\/li>\n<li><strong>Lb. german\u0103<\/strong>\n<ol>\n<li>prof. Mitea Monica<\/li>\n<\/ol>\n<\/li>\n<li><strong>Lb. latin\u0103<\/strong><\/li>\n<\/ul>\n<p><strong>Catedra de istorie<\/strong><\/p>\n<ol>\n<li>prof. B\u0103lan Floarea<\/li>\n<li>prof. Sabasanu Mirela<\/li>\n<li>prof. Barbu Daniela<\/li>\n<\/ol>\n<p><strong>Catedra de educa\u021bie fizic\u0103 \u0219i sport<\/strong><\/p>\n<ol>\n<li>prof. Zimnicaru Bogdan<\/li>\n<li>prof. Sandu C\u0103t\u0103lin<\/li>\n<\/ol>\n<p><strong>Catedra de socio-umane<\/strong><\/p>\n<ol>\n<li>prof. Grama Doina<\/li>\n<li>prof. Leoc\u0103 Mihaela<\/li>\n<li>prof. dr. \u0218tirbu Ortansa<\/li>\n<\/ol>\n<p><strong>Catedra de arte<\/strong><\/p>\n<ol>\n<li>prof. Grozea Violeta<\/li>\n<li>prof. Pe\u021banca Carmen<\/li>\n<li>prof. Pe\u021banca Virgil<\/li>\n<\/ol>\n<p><strong>Catedra de religie<\/strong><\/p>\n<ol>\n<li>prof. Zgorobete Mariana<\/li>\n<li>prof. pr. Tudor Georgian<\/li>\n<\/ol>\n<p><strong>Catedra de informatic\u0103 \u0219i TIC<\/strong><\/p>\n<ol>\n<li>prof. Chiricioglu Alina<\/li>\n<li>prof. Pantelimon Daniela<\/li>\n<li>prof. Chelu Hermina<\/li>\n<li>prof. Alexandrescu Adriana<\/li>\n<\/ol>\n<p><strong>Educa\u021bie tehnologic\u0103<\/strong><\/p>\n<ol>\n<li>prof. Asandei Costel<\/li>\n<\/ol>\n","protected":false},"excerpt":{"rendered":"<p>Catedra de matematic\u0103 prof. Boan\u021b\u0103 Daniela prof. Mocanu M\u0103d\u0103lina prof. \u021aincu Elena prof. Chiricioglu Alina prof. Coad\u0103 Monica Catedra de fizic\u0103 prof. Cornea Adriana prof. Paraschiv Liliana prof. Craiciu Mariana prof. Cornea Petre Catedra de limba rom\u00e2n\u0103 prof. Preotu Adriana &hellip; <a href=\"https:\/\/maiorescu.ro\/nou2015\/ziua-nationala-a-romaniei\/\">Continu\u0103 s\u0103 cite\u0219ti <span class=\"meta-nav\">&rarr;<\/span><\/a><\/p>\n","protected":false},"author":1,"featured_media":0,"parent":0,"menu_order":0,"comment_status":"closed","ping_status":"closed","template":"","meta":{"footnotes":""},"class_list":["post-4","page","type-page","status-publish","hentry"],"_links":{"self":[{"href":"https:\/\/maiorescu.ro\/nou2015\/wp-json\/wp\/v2\/pages\/4","targetHints":{"allow":["GET"]}}],"collection":[{"href":"https:\/\/maiorescu.ro\/nou2015\/wp-json\/wp\/v2\/pages"}],"about":[{"href":"https:\/\/maiorescu.ro\/nou2015\/wp-json\/wp\/v2\/types\/page"}],"author":[{"embeddable":true,"href":"https:\/\/maiorescu.ro\/nou2015\/wp-json\/wp\/v2\/users\/1"}],"replies":[{"embeddable":true,"href":"https:\/\/maiorescu.ro\/nou2015\/wp-json\/wp\/v2\/comments?post=4"}],"version-history":[{"count":13,"href":"https:\/\/maiorescu.ro\/nou2015\/wp-json\/wp\/v2\/pages\/4\/revisions"}],"predecessor-version":[{"id":2088,"href":"https:\/\/maiorescu.ro\/nou2015\/wp-json\/wp\/v2\/pages\/4\/revisions\/2088"}],"wp:attachment":[{"href":"https:\/\/maiorescu.ro\/nou2015\/wp-json\/wp\/v2\/media?parent=4"}],"curies":[{"name":"wp","href":"https:\/\/api.w.org\/{rel}","templated":true}]}}