{"id":415,"date":"2017-04-07T16:08:42","date_gmt":"2017-04-07T16:08:42","guid":{"rendered":"http:\/\/maiorescu.ro\/nou2015\/?page_id=415"},"modified":"2026-04-06T11:27:42","modified_gmt":"2026-04-06T11:27:42","slug":"concursul-interjudetean-de-matematica-si-fizica-laurentiu-panaitopol","status":"publish","type":"page","link":"https:\/\/maiorescu.ro\/nou2015\/proiecte-caen-si-caeri\/concursul-interjudetean-de-matematica-si-fizica-laurentiu-panaitopol\/","title":{"rendered":"Concursul Interjude\u021bean Interdisciplinar de Matematic\u0103 \u0219i Fizic\u0103  \u201cLAUREN\u021aIU PANAITOPOL\u201d edi\u021bia a XIII-a 2026   Pozi\u021bia 788 \u00een Anexa 3 a Ordinului nr. 3197\/10.02.2026"},"content":{"rendered":"\n<p> Anun\u021bul concursului \u00eel g\u0103si\u021bi <a href=\"https:\/\/drive.google.com\/drive\/folders\/1_iGf0VaR8RzsI32ljE-BxNzVb6TEmBh0?usp=sharing\">aici.<\/a><\/p>\n\n\n\n<hr class=\"wp-block-separator has-text-color has-black-color has-alpha-channel-opacity has-black-background-color has-background is-style-wide\"\/>\n\n\n<p><center><\/center><\/p>\n<h4 style=\"text-align: center;\"><strong>Colegiul Na\u021bional \u201cIon Maiorescu\u201d, \u00a0\u0218coala\u00a0\u00a0 Gimnazial\u0103 \u201cMihai Eminescu\u201d , Inspectoratul \u0218colar Judetean \u0219i Societatea de \u0218tiin\u021be Matematice\u00a0 din Rom\u00e2nia &#8211; Filiala GIURGIU organizeaz\u0103\u00a0<\/strong><\/h4>\n<h4 style=\"text-align: center;\"><strong>Concurs de Matematic\u0103 \u0219i Fizic\u0103 &#8222;Lauren\u021biu Panaitopol&#8221; edi\u021bia XII-a 2025<\/strong><\/h4>\n<h3 style=\"text-align: center;\"><\/h3>\n<p><center>Anun\u021bul \u00eel pute\u021bi vedea <a href=\"https:\/\/maiorescu.ro\/nou2015\/wp-content\/uploads\/2025\/05\/Anunt-Panaitopol.pdf\">aici.<\/a><\/center><center><\/center><center><\/center><center><\/center><center><\/center><center><\/center><center><\/p>\n<hr \/>\n<hr \/>\n<p><\/center><\/p>\n<hr \/>\n<p><strong>Colegiul Na\u021bional \u201cIon Maiorescu\u201d, \u00a0\u0218coala\u00a0\u00a0 Gimnazial\u0103 \u201cMihai Eminescu\u201d , Inspectoratul \u0218colar Judetean \u0219i Societatea de \u0218tiin\u021be Matematice\u00a0 din Rom\u00e2nia &#8211; Filiala GIURGIU organizeaz\u0103 \u00een perioada 25-26 mai 2024<br \/>\nConcursul Interjude\u021bean de Matematic\u0103 \u0219i Fizic\u0103<br \/>\n\u201cLAUREN\u021aIU PANAITOPOL\u201d &#8211;\u00a0 edi\u021bia a XI-a<\/strong>\u00cenregistrat \u00een Calendarul Activit\u0103\u021bilor Educative 2024 (CAER) la pozi\u021bia 973<\/p>\n<p>Anun\u021bul \u00eel pute\u021bi vedea <a href=\"https:\/\/maiorescu.ro\/nou2015\/wp-content\/uploads\/2024\/04\/Anunt-Laurentiu-Panaitopol-Giurgiu-25-26-mai-2024.pdf\">aici<\/a><\/p>\n<p>Subiecte date vedeti <a href=\"https:\/\/maiorescu.ro\/nou2015\/2017\/05\/18\/subiecte-date-la-concursul-interjudetean-laurentiu-panaitopol\/\">aici<\/a>.<\/p>\n<p>Rezultate 2024 <a href=\"https:\/\/drive.google.com\/drive\/folders\/1A6lsuFw5tuyAu47qeaKWIpwb83z4eVIn?usp=sharing\">aici.<\/a><\/p>","protected":false},"excerpt":{"rendered":"<p>Anun\u021bul concursului \u00eel g\u0103si\u021bi aici. Colegiul Na\u021bional \u201cIon Maiorescu\u201d, \u00a0\u0218coala\u00a0\u00a0 Gimnazial\u0103 \u201cMihai Eminescu\u201d , Inspectoratul \u0218colar Judetean \u0219i Societatea de \u0218tiin\u021be Matematice\u00a0 din Rom\u00e2nia &#8211; Filiala GIURGIU organizeaz\u0103\u00a0 Concurs de Matematic\u0103 \u0219i Fizic\u0103 &#8222;Lauren\u021biu Panaitopol&#8221; edi\u021bia XII-a 2025 Anun\u021bul \u00eel &hellip; <a href=\"https:\/\/maiorescu.ro\/nou2015\/proiecte-caen-si-caeri\/concursul-interjudetean-de-matematica-si-fizica-laurentiu-panaitopol\/\">Continu\u0103 s\u0103 cite\u0219ti <span class=\"meta-nav\">&rarr;<\/span><\/a><\/p>\n","protected":false},"author":1,"featured_media":0,"parent":403,"menu_order":0,"comment_status":"closed","ping_status":"closed","template":"","meta":{"footnotes":""},"class_list":["post-415","page","type-page","status-publish","hentry"],"_links":{"self":[{"href":"https:\/\/maiorescu.ro\/nou2015\/wp-json\/wp\/v2\/pages\/415","targetHints":{"allow":["GET"]}}],"collection":[{"href":"https:\/\/maiorescu.ro\/nou2015\/wp-json\/wp\/v2\/pages"}],"about":[{"href":"https:\/\/maiorescu.ro\/nou2015\/wp-json\/wp\/v2\/types\/page"}],"author":[{"embeddable":true,"href":"https:\/\/maiorescu.ro\/nou2015\/wp-json\/wp\/v2\/users\/1"}],"replies":[{"embeddable":true,"href":"https:\/\/maiorescu.ro\/nou2015\/wp-json\/wp\/v2\/comments?post=415"}],"version-history":[{"count":54,"href":"https:\/\/maiorescu.ro\/nou2015\/wp-json\/wp\/v2\/pages\/415\/revisions"}],"predecessor-version":[{"id":2223,"href":"https:\/\/maiorescu.ro\/nou2015\/wp-json\/wp\/v2\/pages\/415\/revisions\/2223"}],"up":[{"embeddable":true,"href":"https:\/\/maiorescu.ro\/nou2015\/wp-json\/wp\/v2\/pages\/403"}],"wp:attachment":[{"href":"https:\/\/maiorescu.ro\/nou2015\/wp-json\/wp\/v2\/media?parent=415"}],"curies":[{"name":"wp","href":"https:\/\/api.w.org\/{rel}","templated":true}]}}