{"id":61,"date":"2016-01-07T20:41:32","date_gmt":"2016-01-07T20:41:32","guid":{"rendered":"http:\/\/maiorescu.ro\/nou2015\/?page_id=61"},"modified":"2016-02-15T13:09:12","modified_gmt":"2016-02-15T13:09:12","slug":"academia-oracle-la-maiorescu","status":"publish","type":"page","link":"https:\/\/maiorescu.ro\/nou2015\/proiecte-si-parteneriate\/academia-oracle-la-maiorescu\/","title":{"rendered":"Academia Oracle la Maiorescu"},"content":{"rendered":"<p style=\"text-align: justify;\">La clasele a XII-a, profil matematic\u0103-informatic\u0103, \u00een \u0219coala noastr\u0103 func\u021bioneaz\u0103 programul Oracle Academy. Aceasta este o oportunitate unic\u0103 la nivel de jude\u021b, fiind singurul liceu \u00een care elevii sunt implica\u021bi \u00eentr-o ac\u021biune de acest gen. Cursul oferit se nume\u0219te \u201dModelarea \u0219i programarea bazelor de date cu SQL\u201d (&#8222;Database Design and Programming with SQL&#8221;). Este un curs \u00een urma c\u0103ruia elevii au posibilitatea s\u0103 ob\u021bin\u0103 o diplom\u0103 \u0219i ulterior\u00a0o certificare recunoscut\u0103 la nivel interna\u021bional. Elevii primesc foarte bine acest curs \u0219i datorit\u0103 diplomelor pe care le pot ob\u021bine dar \u0219i datorit\u0103 modului de lucru, sus\u021binut de o platform\u0103 online la adresa <a href=\"http:\/\/academy.oracle.com\" target=\"_blank\">academy.oracle.com.<\/a><\/p>\n<p>Profesori CNIM certifica\u021bi Oracle:<\/p>\n<ol>\n<li>prof. Chiricioglu Alina<\/li>\n<li>prof. Pantelimon Daniela<\/li>\n<li>prof. Chelu Hermina<\/li>\n<\/ol>\n","protected":false},"excerpt":{"rendered":"<p>La clasele a XII-a, profil matematic\u0103-informatic\u0103, \u00een \u0219coala noastr\u0103 func\u021bioneaz\u0103 programul Oracle Academy. Aceasta este o oportunitate unic\u0103 la nivel de jude\u021b, fiind singurul liceu \u00een care elevii sunt implica\u021bi \u00eentr-o ac\u021biune de acest gen. Cursul oferit se nume\u0219te \u201dModelarea &hellip; <a href=\"https:\/\/maiorescu.ro\/nou2015\/proiecte-si-parteneriate\/academia-oracle-la-maiorescu\/\">Continu\u0103 s\u0103 cite\u0219ti <span class=\"meta-nav\">&rarr;<\/span><\/a><\/p>\n","protected":false},"author":1,"featured_media":0,"parent":63,"menu_order":0,"comment_status":"closed","ping_status":"closed","template":"","meta":{"footnotes":""},"class_list":["post-61","page","type-page","status-publish","hentry"],"_links":{"self":[{"href":"https:\/\/maiorescu.ro\/nou2015\/wp-json\/wp\/v2\/pages\/61","targetHints":{"allow":["GET"]}}],"collection":[{"href":"https:\/\/maiorescu.ro\/nou2015\/wp-json\/wp\/v2\/pages"}],"about":[{"href":"https:\/\/maiorescu.ro\/nou2015\/wp-json\/wp\/v2\/types\/page"}],"author":[{"embeddable":true,"href":"https:\/\/maiorescu.ro\/nou2015\/wp-json\/wp\/v2\/users\/1"}],"replies":[{"embeddable":true,"href":"https:\/\/maiorescu.ro\/nou2015\/wp-json\/wp\/v2\/comments?post=61"}],"version-history":[{"count":3,"href":"https:\/\/maiorescu.ro\/nou2015\/wp-json\/wp\/v2\/pages\/61\/revisions"}],"predecessor-version":[{"id":70,"href":"https:\/\/maiorescu.ro\/nou2015\/wp-json\/wp\/v2\/pages\/61\/revisions\/70"}],"up":[{"embeddable":true,"href":"https:\/\/maiorescu.ro\/nou2015\/wp-json\/wp\/v2\/pages\/63"}],"wp:attachment":[{"href":"https:\/\/maiorescu.ro\/nou2015\/wp-json\/wp\/v2\/media?parent=61"}],"curies":[{"name":"wp","href":"https:\/\/api.w.org\/{rel}","templated":true}]}}