{"id":73,"date":"2016-01-07T21:19:46","date_gmt":"2016-01-07T21:19:46","guid":{"rendered":"http:\/\/maiorescu.ro\/nou2015\/?page_id=73"},"modified":"2016-02-01T09:20:51","modified_gmt":"2016-02-01T09:20:51","slug":"fizica-in-germana","status":"publish","type":"page","link":"https:\/\/maiorescu.ro\/nou2015\/proiecte-si-parteneriate\/fizica-in-germana\/","title":{"rendered":"Fizica \u00een limba german\u0103"},"content":{"rendered":"<p>Colegiul Na\u021bional Ion Maiorescu este implicat in 2 proiecte de acest tip \u0219i anume:<\/p>\n<ol>\n<li>&#8222;Ein Labor fur Physik und Sprache&#8221; &#8211; proiect na\u021bional care se desf\u0103\u0219oar\u0103 la clasele de gimnaziu \u0219i care presupune predarea no\u021biunilor de fizic\u0103 \u00een limba german\u0103. La acest proiect, organizat prin intermediul Institutului Goethe din Bucure\u0219ti, \u00a0particip\u0103 mai multe \u0219coli din judetele: Giurgiu, Dolj, Gala\u021bi, Constan\u021ba, Mehedin\u021bi si Br\u0103ila. Alte date, pute\u021bi citi <a href=\"http:\/\/www.goethe.de\/ins\/ro\/ro\/buk\/lhr\/lps.html\" target=\"_blank\">aici.<\/a><\/li>\n<li>&#8222;Schools &#8211; future labs&#8221; &#8211; proiect Erasmus Plus. Particip\u0103 \u0219coli cu predare CLIL din Grecia (fizic\u0103), Rom\u00e2nia (fizica), Bulgaria (chimie), Polonia (biologie). Proiect coordonat de Institutul Goethe din Atena. Detalii gasi\u021bi aici: \u00a0<a href=\"https:\/\/maiorescu.ro\/nou2015\/wp-content\/uploads\/2016\/02\/schools_future_labs_ro_cervantes_bucarest.pdf\" rel=\"\">schools_future_labs_ro_cervantes_bucarest<\/a><\/li>\n<\/ol>\n","protected":false},"excerpt":{"rendered":"<p>Colegiul Na\u021bional Ion Maiorescu este implicat in 2 proiecte de acest tip \u0219i anume: &#8222;Ein Labor fur Physik und Sprache&#8221; &#8211; proiect na\u021bional care se desf\u0103\u0219oar\u0103 la clasele de gimnaziu \u0219i care presupune predarea no\u021biunilor de fizic\u0103 \u00een limba german\u0103. &hellip; <a href=\"https:\/\/maiorescu.ro\/nou2015\/proiecte-si-parteneriate\/fizica-in-germana\/\">Continu\u0103 s\u0103 cite\u0219ti <span class=\"meta-nav\">&rarr;<\/span><\/a><\/p>\n","protected":false},"author":1,"featured_media":0,"parent":63,"menu_order":0,"comment_status":"closed","ping_status":"closed","template":"","meta":{"footnotes":""},"class_list":["post-73","page","type-page","status-publish","hentry"],"_links":{"self":[{"href":"https:\/\/maiorescu.ro\/nou2015\/wp-json\/wp\/v2\/pages\/73","targetHints":{"allow":["GET"]}}],"collection":[{"href":"https:\/\/maiorescu.ro\/nou2015\/wp-json\/wp\/v2\/pages"}],"about":[{"href":"https:\/\/maiorescu.ro\/nou2015\/wp-json\/wp\/v2\/types\/page"}],"author":[{"embeddable":true,"href":"https:\/\/maiorescu.ro\/nou2015\/wp-json\/wp\/v2\/users\/1"}],"replies":[{"embeddable":true,"href":"https:\/\/maiorescu.ro\/nou2015\/wp-json\/wp\/v2\/comments?post=73"}],"version-history":[{"count":5,"href":"https:\/\/maiorescu.ro\/nou2015\/wp-json\/wp\/v2\/pages\/73\/revisions"}],"predecessor-version":[{"id":125,"href":"https:\/\/maiorescu.ro\/nou2015\/wp-json\/wp\/v2\/pages\/73\/revisions\/125"}],"up":[{"embeddable":true,"href":"https:\/\/maiorescu.ro\/nou2015\/wp-json\/wp\/v2\/pages\/63"}],"wp:attachment":[{"href":"https:\/\/maiorescu.ro\/nou2015\/wp-json\/wp\/v2\/media?parent=73"}],"curies":[{"name":"wp","href":"https:\/\/api.w.org\/{rel}","templated":true}]}}