{"id":777,"date":"2018-06-05T08:22:38","date_gmt":"2018-06-05T08:22:38","guid":{"rendered":"http:\/\/maiorescu.ro\/nou2015\/?page_id=777"},"modified":"2025-12-06T20:37:32","modified_gmt":"2025-12-06T20:37:32","slug":"rezultate-olimpiade-si-concursuri","status":"publish","type":"page","link":"https:\/\/maiorescu.ro\/nou2015\/rezultate-olimpiade-si-concursuri\/","title":{"rendered":"Olimpiade \u0219i Concursuri"},"content":{"rendered":"\n<p class=\"has-pale-ocean-gradient-background has-background\">Chindea Alin-Cristian, absolvent al Colegiului Na\u021bional Ion Maiorescu, promo\u021bia 2025, distins cu Men\u021biunea de Onoare la etapa interna\u021bional\u0103 a Olimpiadei de Lingvistic\u0103, desf\u0103\u0219urat\u0103 la Taipei, a fost premiat \u00een cadrul unui eveniment organizat cu profesionalism de c\u0103tre Ministerul Educa\u021biei \u0219i Cercet\u0103rii, \u00een data de 3 decembrie 2025. Aceast\u0103 recunoa\u0219tere a valorii reflect\u0103 nivelul \u00eenalt al preg\u0103tirii sale \u0219i \u00eel plaseaz\u0103 printre cei mai valoro\u0219i tineri ai genera\u021biei actuale.<br>Ceremonia, g\u0103zduit\u0103 de Palatul Na\u021bional al Copiilor, a reunit olimpici interna\u021bionali, profesori \u00eendrum\u0103tori \u0219i directori ai institu\u021biilor de \u00eenv\u0103\u021b\u0103m\u00e2nt din \u00eentreaga \u021bar\u0103. Printre cei premia\u021bi s-au aflat \u0219i cadrele didactice care i-au fost al\u0103turi \u00een parcursul s\u0103u intelectual, prof. Daniela Boan\u021b\u0103 \u0219i prof. Adriana Preotu, precum \u0219i directoarea CNIM, prof. dr. C\u0103t\u0103lina Nan.<br>\u00centreaga comunitate maiorescian\u0103 se bucur\u0103 de aceast\u0103 reu\u0219it\u0103 \u0219i \u00ee\u0219i exprim\u0103 m\u00e2ndria de a se afla al\u0103turi de elita educa\u021biei \u0219i de cei mai valoro\u0219i elevi.<\/p>\n\n\n<p><a href=\"https:\/\/maiorescu.ro\/nou2015\/wp-content\/uploads\/2025\/12\/WhatsApp-Image-2025-12-06-at-03.42.27.jpeg\"><img loading=\"lazy\" decoding=\"async\" class=\"alignnone size-medium wp-image-2160\" src=\"https:\/\/maiorescu.ro\/nou2015\/wp-content\/uploads\/2025\/12\/WhatsApp-Image-2025-12-06-at-03.42.27-300x225.jpeg\" alt=\"\" width=\"300\" height=\"225\" srcset=\"https:\/\/maiorescu.ro\/nou2015\/wp-content\/uploads\/2025\/12\/WhatsApp-Image-2025-12-06-at-03.42.27-300x225.jpeg 300w, https:\/\/maiorescu.ro\/nou2015\/wp-content\/uploads\/2025\/12\/WhatsApp-Image-2025-12-06-at-03.42.27-1024x768.jpeg 1024w, https:\/\/maiorescu.ro\/nou2015\/wp-content\/uploads\/2025\/12\/WhatsApp-Image-2025-12-06-at-03.42.27-768x576.jpeg 768w, https:\/\/maiorescu.ro\/nou2015\/wp-content\/uploads\/2025\/12\/WhatsApp-Image-2025-12-06-at-03.42.27-1536x1152.jpeg 1536w, https:\/\/maiorescu.ro\/nou2015\/wp-content\/uploads\/2025\/12\/WhatsApp-Image-2025-12-06-at-03.42.27.jpeg 1600w\" sizes=\"auto, (max-width: 300px) 100vw, 300px\" \/><\/a><\/p>\n<hr \/>\n<p><a href=\"https:\/\/drive.google.com\/file\/d\/1S4uQd9Dt2o76ivdWiCR_PiAi7KmHH0L-\/view?usp=sharing\">2017 &#8211; 2018 Rezultate la olimpiadele na\u021bionale 2017 &#8211; 2018<\/a>.<\/p>\n<p><a href=\"https:\/\/drive.google.com\/file\/d\/1v09yQOP9ewhBipGW3l-esSUsXow3VIwC\/view?usp=sharing\">Rezultate la Olimpiade \u0219i Concursuri, \u00eencep\u00e2nd din anul \u0219colar 2009 &#8211; 2010 p\u00e2n\u0103 \u00een 2016 &#8211; 2017.<\/a><\/p>\n\n\n<p><\/p>\n\n\n\n<p><br><\/p>\n\n\n\n<p><\/p>\n","protected":false},"excerpt":{"rendered":"<p>Chindea Alin-Cristian, absolvent al Colegiului Na\u021bional Ion Maiorescu, promo\u021bia 2025, distins cu Men\u021biunea de Onoare la etapa interna\u021bional\u0103 a Olimpiadei de Lingvistic\u0103, desf\u0103\u0219urat\u0103 la Taipei, a fost premiat \u00een cadrul unui eveniment organizat cu profesionalism de c\u0103tre Ministerul Educa\u021biei \u0219i &hellip; <a href=\"https:\/\/maiorescu.ro\/nou2015\/rezultate-olimpiade-si-concursuri\/\">Continu\u0103 s\u0103 cite\u0219ti <span class=\"meta-nav\">&rarr;<\/span><\/a><\/p>\n","protected":false},"author":1,"featured_media":0,"parent":0,"menu_order":0,"comment_status":"closed","ping_status":"closed","template":"","meta":{"footnotes":""},"class_list":["post-777","page","type-page","status-publish","hentry"],"_links":{"self":[{"href":"https:\/\/maiorescu.ro\/nou2015\/wp-json\/wp\/v2\/pages\/777","targetHints":{"allow":["GET"]}}],"collection":[{"href":"https:\/\/maiorescu.ro\/nou2015\/wp-json\/wp\/v2\/pages"}],"about":[{"href":"https:\/\/maiorescu.ro\/nou2015\/wp-json\/wp\/v2\/types\/page"}],"author":[{"embeddable":true,"href":"https:\/\/maiorescu.ro\/nou2015\/wp-json\/wp\/v2\/users\/1"}],"replies":[{"embeddable":true,"href":"https:\/\/maiorescu.ro\/nou2015\/wp-json\/wp\/v2\/comments?post=777"}],"version-history":[{"count":14,"href":"https:\/\/maiorescu.ro\/nou2015\/wp-json\/wp\/v2\/pages\/777\/revisions"}],"predecessor-version":[{"id":2172,"href":"https:\/\/maiorescu.ro\/nou2015\/wp-json\/wp\/v2\/pages\/777\/revisions\/2172"}],"wp:attachment":[{"href":"https:\/\/maiorescu.ro\/nou2015\/wp-json\/wp\/v2\/media?parent=777"}],"curies":[{"name":"wp","href":"https:\/\/api.w.org\/{rel}","templated":true}]}}