{"id":80,"date":"2016-01-08T18:23:58","date_gmt":"2016-01-08T18:23:58","guid":{"rendered":"http:\/\/maiorescu.ro\/nou2015\/?page_id=80"},"modified":"2022-03-30T14:33:30","modified_gmt":"2022-03-30T14:33:30","slug":"examene-cambridge","status":"publish","type":"page","link":"https:\/\/maiorescu.ro\/nou2015\/proiecte-si-parteneriate\/examene-cambridge\/","title":{"rendered":"Examene Cambridge"},"content":{"rendered":"\n<p><a href=\"https:\/\/drive.google.com\/file\/d\/1uzOYGBZDwbfiAEjWSUAUALZqPvu9SLYR\/view?usp=sharing\">Acreditare<\/a><\/p>\n\n\n\n<p><strong>\u00ceN ATEN\u021aIA ELEVILOR CARE DORESC S\u0102 SUS\u021aIN\u0102 UN EXAMEN CAMBRIDGE LA COLEGIUL NA\u021aIONAL ,,ION MAIORESCU\u201d<\/strong><strong><br><\/strong><strong>Exam&nbsp;\u2013&nbsp;<em>B2 First for Schools &amp; C1 Advanced<\/em><\/strong><\/p>\n\n\n\n<ul class=\"wp-block-list\"><li><strong>Data examen<\/strong>:&nbsp;SAMBATA = 21 mai 2022;<\/li><li><strong>Versiune:&nbsp;CAE: computer-based &amp; FCE paper-based;<\/strong><\/li><li><strong>Locatie:&nbsp;Colegiul National ION MAIORESCU GIURGIU;<\/strong><\/li><li><strong>Taxele:&nbsp;B2 =&nbsp;680&nbsp;LEI;&nbsp;C1&nbsp;705 LEI;<\/strong><\/li><li><strong>Link-ul de inscriere la&nbsp;examenele CAMBRIDGE:<\/strong><\/li><\/ul>\n\n\n\n<p><strong><\/strong><\/p>\n\n\n\n<p><strong>B2:<\/strong>&nbsp;&nbsp;<a href=\"https:\/\/www.eecentre.ro\/sesiuni-private\/simulari-formular-inscriere?idSimulare=GIURGIUMAI2022PB\" rel=\"noreferrer noopener\" target=\"_blank\">https:\/\/www.eecentre.ro\/sesiuni-private\/simulari-formular-inscriere?idSimulare=GIURGIUMAI2022PB<\/a>&nbsp;;<\/p>\n\n\n\n<p><strong>C1:<\/strong>&nbsp;<a href=\"https:\/\/www.eecentre.ro\/sesiuni-private\/simulari-formular-inscriere?idSimulare=GIURGIUMAI2022CB\" rel=\"noreferrer noopener\" target=\"_blank\">https:\/\/www.eecentre.ro\/sesiuni-private\/simulari-formular-inscriere?idSimulare=GIURGIUMAI2022CB<\/a><\/p>\n\n\n\n<ul class=\"wp-block-list\"><li><strong>Termen de inscriere B2 paper-based<\/strong>:&nbsp;8 aprilie 2022;<\/li><li><strong>Termen de inscriere C1 computer-based<\/strong>:&nbsp;6 mai 2022<\/li><\/ul>\n\n\n<p><\/p>\n<hr color=\"red\" width=\"190%\" size=\"500\" align=\" center\" =\"\"=\"\">\n\n\n<p><strong>Colegiul Na\u021bional ION MAIORESCU \u00een parteneriat cu <\/strong><strong>Esol Examinations Centre organizeaz\u0103 \u0219i desf\u0103\u0219oar\u0103<\/strong><strong> examene Cambridge:<\/strong><\/p>\n\n\n\n<ul class=\"wp-block-list\"><li><strong>CAE <\/strong><\/li><li><strong>FCE <\/strong><\/li><\/ul>\n\n\n\n<p><strong>PENTRU MAI MULTE INFORMATII ADRESATI-VA DOAMNELOR PROFESOARE ANTON CORINA sau B\u0102D\u0102R\u0102U CLAUDIA<\/strong><\/p>\n\n\n\n<p>Utilitatea examenelor Cambridge:<\/p>\n\n\n\n<ul class=\"wp-block-list\"><li style=\"text-align: justify;\"><strong>FCE (Cambridge English: First) <\/strong>FCE este un examen la nivel intermediar, care necesita competente lingvistice complete. Ofera o calificare celor care doresc sa lucreze intr-o tara de limba engleza sau intr-o organizatie unde se foloseste engleza, sa studieze in engleza si de asemenea sa foloseasca limba engleza pentru turism. FCE este cel mai popular examen pe plan mondial si are cea mai larga recunoastere. Este folosit pentru angajare si pentru studiu si necesita circa 500-600 ore de studiu.<\/li><li style=\"text-align: justify;\"><strong>CAE (Cambridge English Advanced) <\/strong><em>Certificate in Advanced English &#8211; <\/em>Nivelul C1 pe Scala Comuna Europeana de Referinta pentru Limbi a Consiliului Europei. CAE este un examen la&nbsp;<strong>nivel avansat<\/strong>, util celor care au nevoie de limba engleza pentru angajare sau pentru studiu. Este recunoscut de majoritatea universitatilor din Marea Britanie ca test de admitere la studii. Este cel mai popular examen Cambridge din Romania si este acceptat de universitati de stat si particulare ca substitut al testului de competenta lingvistica necesar admiterii.<\/li><\/ul>\n\n\n\n<ul class=\"wp-block-list\"><li>EXAMENUL CAMBRIDGE NIVEL C.A.E. COSTA 650 RON<\/li><li>EXAMENUL CAMBRIDGE NIVEL F.C.E COSTA 640 RON<\/li><\/ul>\n\n\n\n<p>ALTE CONCURSURI DE LIMBA ENGLEZA<\/p>\n\n\n\n<ol class=\"wp-block-list\"><li>SHAKESPEARE SCHOOL &#8211; <a href=\"http:\/\/shakespeare-school.ro\/\">http:\/\/shakespeare-school.ro\/<\/a><\/li><li>FISCHER INTERNATIONAL &#8211; English over a cup of tea &#8211; <a href=\"http:\/\/shakespeare-school.ro\/engleza-adolescenti\/club-de-conversatie\">http:\/\/shakespeare-school.ro\/engleza-adolescenti\/club-de-conversatie<\/a><\/li><\/ol>\n\n\n\n<hr class=\"wp-block-separator\"\/>\n\n\n\n<hr class=\"wp-block-separator\"\/>\n\n\n\n<p align=\"justify\">ACCES\u00c2ND LINKUL DE MAI JOS, VE\u021aI AVEA OCAZIA DE A FACE O PRE\u00ceNSCRIERE PENTRU EXAMENELE CAMBRIDGE. ACEAST\u0102 PRE\u00ceNSCRIERE NU V\u0102 OBLIG\u0102 \u0218I LA SUS\u021aINEREA EXAMENELOR CI ESTE DOAR UTIL\u0102 \u0218COLII PENTRU A PUTEA ORGANIZA TEST\u0102RILE ANUL ACESTA \u00ceN CONDI\u021aII DE SIGURAN\u021a\u0102 IMPUSE DE AUTORIT\u0102\u021aI \u0218I PENTRU A AFLA \u00ceN TIMP UTIL NUM\u0102RUL DE CANDIDA\u021aI.  <\/p>\n\n\n\n<p>Aveti\naici link-ul pentru examenele B2 si\nC1:&nbsp;<a href=\"https:\/\/www.eecentre.ro\/sesiuni-private\/simulari-formular-inscriere?idSimulare=GIURGIU28082020\" target=\"_blank\" rel=\"noreferrer noopener\">https:\/\/www.eecentre.ro\/sesiuni-private\/simulari-formular-inscriere?idSimulare=GIURGIU28082020<\/a><\/p>\n\n\n\n<p align=\"justify\">LA SEC\u021aIUNEA PLATA DIN LINK, VE\u021aI\nBIFA ORDIN DE PLAT\u0102 CEI CARE AVE\u021aI P\u0102RIN\u021aI CADRE DIDACTICE\nSAU ELEVI CARE SUS\u021aIN TESTAREA CAE DE LA PROFILUL FILOLOGIE \u2013\nINTENSIV LB ENGLEZA. ACESTE CATEGORII VOR BENEFICIA DE O REDUCERE.<\/p>\n\n\n\n<p>PENTRU ALTE INFORMA\u021aII ADRESA\u021aI-V\u0102 CONDUCERII \u0218COLII.  <\/p>\n\n\n\n<p><\/p>\n\n\n\n<p><\/p>\n\n\n\n<hr class=\"wp-block-separator\"\/>\n","protected":false},"excerpt":{"rendered":"<p>Acreditare \u00ceN ATEN\u021aIA ELEVILOR CARE DORESC S\u0102 SUS\u021aIN\u0102 UN EXAMEN CAMBRIDGE LA COLEGIUL NA\u021aIONAL ,,ION MAIORESCU\u201dExam&nbsp;\u2013&nbsp;B2 First for Schools &amp; C1 Advanced Data examen:&nbsp;SAMBATA = 21 mai 2022; Versiune:&nbsp;CAE: computer-based &amp; FCE paper-based; Locatie:&nbsp;Colegiul National ION MAIORESCU GIURGIU; Taxele:&nbsp;B2 =&nbsp;680&nbsp;LEI;&nbsp;C1&nbsp;705 &hellip; <a href=\"https:\/\/maiorescu.ro\/nou2015\/proiecte-si-parteneriate\/examene-cambridge\/\">Continu\u0103 s\u0103 cite\u0219ti <span class=\"meta-nav\">&rarr;<\/span><\/a><\/p>\n","protected":false},"author":1,"featured_media":0,"parent":63,"menu_order":0,"comment_status":"closed","ping_status":"closed","template":"","meta":{"footnotes":""},"class_list":["post-80","page","type-page","status-publish","hentry"],"_links":{"self":[{"href":"https:\/\/maiorescu.ro\/nou2015\/wp-json\/wp\/v2\/pages\/80","targetHints":{"allow":["GET"]}}],"collection":[{"href":"https:\/\/maiorescu.ro\/nou2015\/wp-json\/wp\/v2\/pages"}],"about":[{"href":"https:\/\/maiorescu.ro\/nou2015\/wp-json\/wp\/v2\/types\/page"}],"author":[{"embeddable":true,"href":"https:\/\/maiorescu.ro\/nou2015\/wp-json\/wp\/v2\/users\/1"}],"replies":[{"embeddable":true,"href":"https:\/\/maiorescu.ro\/nou2015\/wp-json\/wp\/v2\/comments?post=80"}],"version-history":[{"count":22,"href":"https:\/\/maiorescu.ro\/nou2015\/wp-json\/wp\/v2\/pages\/80\/revisions"}],"predecessor-version":[{"id":1579,"href":"https:\/\/maiorescu.ro\/nou2015\/wp-json\/wp\/v2\/pages\/80\/revisions\/1579"}],"up":[{"embeddable":true,"href":"https:\/\/maiorescu.ro\/nou2015\/wp-json\/wp\/v2\/pages\/63"}],"wp:attachment":[{"href":"https:\/\/maiorescu.ro\/nou2015\/wp-json\/wp\/v2\/media?parent=80"}],"curies":[{"name":"wp","href":"https:\/\/api.w.org\/{rel}","templated":true}]}}