{"id":865,"date":"2018-10-29T10:48:32","date_gmt":"2018-10-29T10:48:32","guid":{"rendered":"http:\/\/maiorescu.ro\/nou2015\/?page_id=865"},"modified":"2018-11-28T09:16:14","modified_gmt":"2018-11-28T09:16:14","slug":"asociatia-pro-maiorescu","status":"publish","type":"page","link":"https:\/\/maiorescu.ro\/nou2015\/asociatia-pro-maiorescu\/","title":{"rendered":"Asocia\u021bia Pro Maiorescu"},"content":{"rendered":"<h1 style=\"text-align: left;\">Despre noi<\/h1>\n<p><img loading=\"lazy\" decoding=\"async\" class=\"alignright\" src=\"https:\/\/maiorescu.ro\/nou2015\/wp-content\/uploads\/2018\/11\/f\u0103r\u0103-titlu-4-290x300.png\" alt=\"\" width=\"173\" height=\"179\" \/><\/p>\n<p style=\"text-align: left; display: inline;\">Asocia\u021bia Pro Maiorescu este o forma\u021biune cu personalitate juridic\u0103. Este o asocia\u021bie privat\u0103, neguvernamental\u0103, non-profit \u0219i apolitic\u0103, constituit\u0103 \u00een 2011, care are ca scop principal:&#8221;Ac\u021biuni \u00een vederea str\u00e2ngerii de fonduri necesare pentru modernizarea bazei materiale a Colegiului \u0219i pentru stimularea financiar\u0103 a performan\u021belor \u0219colare deosebite&#8221;.<\/p>\n<h1>Date de contact<\/h1>\n<p>Adres\u0103: str.\u00a0Prof. Nicolae Droc Barcianu, nr. 8<br \/>\nTelefon: 0723286923<br \/>\nEmail: promaiorescu@yahoo.com<br \/>\nCont banc\u0103 : Banca Transilvania Giurgiu\u00a0 \u00a0 \u00a0 \u00a0 \u00a0 RO65BTRL01901205W57027XX<\/p>\n<h1>Consiliu director:<\/h1>\n<p>1.Pre\u0219edinte : prof. Burcescu Mugur<br \/>\n2.Vicepre\u0219edinte : prof. Baiarac Ion<br \/>\n3.Secretar: prof. Cornea Petre-Mihai<br \/>\n4.Membri: prof. Manda Dumitru<br \/>\n&emsp;&emsp;&emsp;&emsp;&emsp;ing.\u00a0 \u00a0Csender George<br \/>\n&emsp;&emsp;&emsp;&emsp;&emsp;prof. Boan\u021b\u0103 Daniela<br \/>\n&emsp;&emsp;&emsp;&emsp;&emsp;prof. Preotu Adriana<\/p>\n<h1>Al\u0103tur\u0103-te asocia\u021biei<\/h1>\n<p>Asocia\u021bia este format\u0103 din fo\u0219ti absolven\u021bi, fo\u0219ti profesori sau actuali profesori, care \u00ee\u0219i doresc s\u0103 se implice activ \u00een via\u021ba \u0219colii.<br \/>\nAsocia\u021bia este deschis\u0103 c\u0103tre noi membrii, oric\u00e2nd.<br \/>\nPentru a fi membru, oricine, profesor, fost absolvent poate completa<a href=\"https:\/\/maiorescu.ro\/nou2015\/wp-content\/uploads\/2018\/11\/formular.docx\"> formularul de \u00eenscriere.<\/a><br \/>\nCotiza\u021bia (10lei\/lun\u0103) sau eventualele sponsoriz\u0103ri pentru proiectele asocia\u021biei se pot depune \u00een contul asocia\u021biei (Banca Transilvania Giurgiu\u00a0 RO65BTRL01901205W57027XX) sau direct la secretar Cornea Petre-Mihai (0723286923).<\/p>\n<h1>Proiecte<\/h1>\n<p>&#8222;Maiorescu 150&#8243;<br \/>\nAsocia\u021bia&#8221;Pro Maiorescu&#8221;, v\u0103 invit\u0103 s\u0103 participa\u021bi la aniversarea liceului organiazat\u0103 \u00een noiembrie 2019(1869-2019, 150 de ani de existen\u021b\u0103).<br \/>\nAbsolven\u021bi ai Colegiului Maiorescu v\u0103 a\u0219tept\u0103m la aniversare. Participarea voastr\u0103 se poate realiza prin:<br \/>\n1. Un eseu(max. 2 pagini A4 + poz\u0103 de profil):\u00a0 cu titlul &#8222;\u0218i eu am fost elev la Maiorescu&#8221;<br \/>\ntermen : 15 ianuarie 2019<br \/>\nemail: promaiorescu@yahoo.com<br \/>\ntelefon: 0723286923<br \/>\n2.\u00a0\u00a0Contribu\u021bie financiar\u0103<br \/>\nCont banc\u0103 : Banca Transilvania Giurgiu\u00a0 \u00a0 \u00a0 \u00a0 \u00a0 RO65BTRL01901205W57027XX<br \/>\n3.\u00a0 Participare direct\u0103 (anun\u021bat\u0103\u00a0 p\u00e2n\u0103 pe data de 15 ianuarie 2019)<br \/>\nemail: promaiorescu@yahoo.com<br \/>\ntelefon: 0723286923<\/p>\n<h1>Link-uri:<\/h1>\n<p><iframe loading=\"lazy\" title=\"Conferinta de presa Asociatia Pro Mariorescu - 03.10.2018\" width=\"640\" height=\"360\" src=\"https:\/\/www.youtube.com\/embed\/nfY5SmBFLpo?start=56&#038;feature=oembed\" frameborder=\"0\" allow=\"accelerometer; autoplay; clipboard-write; encrypted-media; gyroscope; picture-in-picture; web-share\" referrerpolicy=\"strict-origin-when-cross-origin\" allowfullscreen><\/iframe><\/p>\n<h2><a href=\"http:\/\/maiorescu.ro\/images\/pdf\/proba.pdf\">Formular 230(2%)<\/a><\/h2>\n<h2><a href=\"https:\/\/maiorescu.ro\/nou2015\/wp-content\/uploads\/2018\/11\/formular.docx\">Formular \u00censcriere<\/a><\/h2>\n<p>&nbsp;<\/p>\n<p>&nbsp;<\/p>\n<p>Administrat de Zanfir Mih\u0103i\u021b\u0103, D\u0103nil\u0103 Cosmin, Ruse Leonardo (XI-C)<\/p>\n","protected":false},"excerpt":{"rendered":"<p>Despre noi Asocia\u021bia Pro Maiorescu este o forma\u021biune cu personalitate juridic\u0103. Este o asocia\u021bie privat\u0103, neguvernamental\u0103, non-profit \u0219i apolitic\u0103, constituit\u0103 \u00een 2011, care are ca scop principal:&#8221;Ac\u021biuni \u00een vederea str\u00e2ngerii de fonduri necesare pentru modernizarea bazei materiale a Colegiului \u0219i &hellip; <a href=\"https:\/\/maiorescu.ro\/nou2015\/asociatia-pro-maiorescu\/\">Continu\u0103 s\u0103 cite\u0219ti <span class=\"meta-nav\">&rarr;<\/span><\/a><\/p>\n","protected":false},"author":1,"featured_media":0,"parent":0,"menu_order":0,"comment_status":"closed","ping_status":"closed","template":"","meta":{"footnotes":""},"class_list":["post-865","page","type-page","status-publish","hentry"],"_links":{"self":[{"href":"https:\/\/maiorescu.ro\/nou2015\/wp-json\/wp\/v2\/pages\/865","targetHints":{"allow":["GET"]}}],"collection":[{"href":"https:\/\/maiorescu.ro\/nou2015\/wp-json\/wp\/v2\/pages"}],"about":[{"href":"https:\/\/maiorescu.ro\/nou2015\/wp-json\/wp\/v2\/types\/page"}],"author":[{"embeddable":true,"href":"https:\/\/maiorescu.ro\/nou2015\/wp-json\/wp\/v2\/users\/1"}],"replies":[{"embeddable":true,"href":"https:\/\/maiorescu.ro\/nou2015\/wp-json\/wp\/v2\/comments?post=865"}],"version-history":[{"count":53,"href":"https:\/\/maiorescu.ro\/nou2015\/wp-json\/wp\/v2\/pages\/865\/revisions"}],"predecessor-version":[{"id":971,"href":"https:\/\/maiorescu.ro\/nou2015\/wp-json\/wp\/v2\/pages\/865\/revisions\/971"}],"wp:attachment":[{"href":"https:\/\/maiorescu.ro\/nou2015\/wp-json\/wp\/v2\/media?parent=865"}],"curies":[{"name":"wp","href":"https:\/\/api.w.org\/{rel}","templated":true}]}}