{"id":876,"date":"2018-11-05T08:10:56","date_gmt":"2018-11-05T08:10:56","guid":{"rendered":"http:\/\/maiorescu.ro\/nou2015\/?page_id=876"},"modified":"2025-11-06T19:07:50","modified_gmt":"2025-11-06T19:07:50","slug":"balul-bobocilor","status":"publish","type":"page","link":"https:\/\/maiorescu.ro\/nou2015\/balul-bobocilor\/","title":{"rendered":"Balul bobocilor 2025"},"content":{"rendered":"\n<p>&#8221; Pe 4 noiembrie, la Ateneul \u201eNicolae B\u0103l\u0103nescu\u201d din Giurgiu, reflectoarele s-au aprins pentru unul dintre cele mai a\u0219teptate evenimente ale anului \u2013 Balul Bobocilor CNIM 2025, o sear\u0103 dedicat\u0103 elegan\u021bei, creativit\u0103\u021bii \u0219i spiritului t\u00e2n\u0103r.<\/p>\n\n\n\n<p>&nbsp;&nbsp;&nbsp;&nbsp; Tema principal\u0103, \u201eLights, Camera, Action!\u201d, a adus magia cinematografiei pe scen\u0103, fiecare pereche de boboci transform\u00e2ndu-se \u00een personaje din filme celebre. Decorul spectaculos, inspirat de lumea filmului, a oferit o atmosfer\u0103 hollywoodian\u0103, completat\u0103 de luminile calde, covorul ro\u0219u \u0219i energia publicului.<\/p>\n\n\n\n<p>&nbsp;&nbsp;&nbsp;&nbsp;&nbsp; Evenimentul a fost organizat cu pasiune de c\u0103tre elevii mai mari, sub \u00eendrumarea profesorilor coordonatori, care au reu\u0219it s\u0103 creeze un show complet, un adev\u0103rat blockbuster al tinere\u021bii \u0219i al talentului maiorescienilor.<\/p>\n\n\n\n<p>&nbsp;&nbsp;&nbsp;&nbsp;&nbsp; Echipele \u0219i temele lor:<\/p>\n\n\n\n<p>&nbsp;&nbsp;&nbsp;&nbsp; Mister Moisei Ioan &amp; Miss \u021a\u00eerc\u0103 Eva \u2013 Titanic \u2013 o poveste clasic\u0103 de dragoste \u0219i elegan\u021b\u0103, care i-a condus spre titlul de Miss \u0219i Mister CNIM 2025.<\/p>\n\n\n\n<p>&nbsp;&nbsp;&nbsp;&nbsp; Premiul II Mister Popularitate Olaeru Daniel &amp; Miss Popularitate Pa\u021ba Maria \u2013 Pretty Woman \u2013 rafinament, carism\u0103 \u0219i farmec autentic, aplaudate de \u00eentreaga sal\u0103.<\/p>\n\n\n\n<p>&nbsp;&nbsp;&nbsp;&nbsp; Premiul III Geangavelea David &amp; Grigorov Antonia \u2013 Mission Impossible \u2013 energie, suspans \u0219i o coregrafie plin\u0103 de ac\u021biune.<\/p>\n\n\n\n<p>&nbsp;&nbsp; \u0218i ceilal\u021bi participan\u021bi au oferit momente inedite, foarte apreciate de juriu \u0219i de public:<\/p>\n\n\n\n<p>&nbsp;&nbsp;&nbsp; Bi\u021b\u0103 Cosmin &amp; Nedelea Medeea \u2013 Tarzan \u2013au avut&nbsp; o prezen\u021b\u0103 spectaculoas\u0103, plin\u0103 de naturalete si energie.<\/p>\n\n\n\n<p>&nbsp;&nbsp;&nbsp; Mierlea Andrei &amp; St\u0103nic\u0103 Adelina \u2013 White Chicks \u2013 s-au distins prin umor, sincron \u0219i mult\u0103 atitudine, spre deliciul publicului.<\/p>\n\n\n\n<p>&nbsp;&nbsp;&nbsp; Ion Drago\u0219 &amp; Ilie Cristina \u2013 Batla House \u2013 au \u00eenc\u00e2ntat spectatorii cu un moment dinamic \u0219i puternic, care a adus pe scen\u0103 spiritul de ac\u021biune al filmului indian.<\/p>\n\n\n\n<p>&nbsp;&nbsp;&nbsp;&nbsp; G\u0103ulea \u0218tefan &amp; Cercel Samina \u2013 Avatar \u2013 s-au remarcat cu o interpretare plin\u0103 de culoare \u0219i expresivitate, care a captivat privirile.<\/p>\n\n\n\n<p>&nbsp;&nbsp;&nbsp;&nbsp;&nbsp; Lixandru Matei &amp; Zlate Timeea \u2013 Mamma Mia! \u2013 au oferit energie, z\u00e2mbete \u0219i o doz\u0103 perfect\u0103 de veselie \u00een stilul inconfundabil ABBA.<\/p>\n\n\n\n<p>&nbsp;&nbsp;&nbsp;&nbsp; \u00centregul spectacol a fost o adev\u0103rat\u0103 c\u0103l\u0103torie prin lumea filmului, o combina\u021bie de talent, emo\u021bie \u0219i pasiune. Organizatorii merit\u0103 toate aplauzele pentru profesionalismul \u0219i creativitatea lor, iar profesorii coordonatori au demonstrat \u00eenc\u0103 o dat\u0103 c\u0103 sprijinul \u0219i implicarea lor fac posibil\u0103 magia acestor momente.<\/p>\n\n\n\n<p>&nbsp;&nbsp;&nbsp;&nbsp; BBCNIM 2025 Giurgiu nu a fost doar un bal, ci un film al amintirilor frumoase cu tineri talenta\u021bi, emo\u021bii sincere \u0219i o sear\u0103 care va r\u0103m\u00e2ne \u00een sufletul tuturor celor prezen\u021bi.&#8221;<\/p>\n\n\n\n<p><strong>(St\u0103nescu \u0218tefan, fost elev la Colegiul Na\u021bional &#8222;Ion Maiorescu&#8221;)<\/strong><\/p>\n\n\n\n<figure class=\"wp-block-gallery has-nested-images columns-default is-cropped wp-block-gallery-1 is-layout-flex wp-block-gallery-is-layout-flex\">\n<figure class=\"wp-block-image size-large\"><a href=\"https:\/\/maiorescu.ro\/nou2015\/wp-content\/uploads\/2025\/11\/WhatsApp-Image-2025-11-06-at-12.22.59-1.jpeg\"><img loading=\"lazy\" decoding=\"async\" width=\"1024\" height=\"576\" data-id=\"2105\" src=\"https:\/\/maiorescu.ro\/nou2015\/wp-content\/uploads\/2025\/11\/WhatsApp-Image-2025-11-06-at-12.22.59-1-1024x576.jpeg\" alt=\"\" class=\"wp-image-2105\" srcset=\"https:\/\/maiorescu.ro\/nou2015\/wp-content\/uploads\/2025\/11\/WhatsApp-Image-2025-11-06-at-12.22.59-1-1024x576.jpeg 1024w, https:\/\/maiorescu.ro\/nou2015\/wp-content\/uploads\/2025\/11\/WhatsApp-Image-2025-11-06-at-12.22.59-1-300x169.jpeg 300w, https:\/\/maiorescu.ro\/nou2015\/wp-content\/uploads\/2025\/11\/WhatsApp-Image-2025-11-06-at-12.22.59-1-768x432.jpeg 768w, https:\/\/maiorescu.ro\/nou2015\/wp-content\/uploads\/2025\/11\/WhatsApp-Image-2025-11-06-at-12.22.59-1-1536x864.jpeg 1536w, https:\/\/maiorescu.ro\/nou2015\/wp-content\/uploads\/2025\/11\/WhatsApp-Image-2025-11-06-at-12.22.59-1.jpeg 1599w\" sizes=\"auto, (max-width: 1024px) 100vw, 1024px\" \/><\/a><\/figure>\n<\/figure>\n\n\n\n<figure class=\"wp-block-image size-large\"><a href=\"https:\/\/maiorescu.ro\/nou2015\/wp-content\/uploads\/2025\/11\/WhatsApp-Image-2025-11-06-at-12.22.58-2.jpeg\"><img loading=\"lazy\" decoding=\"async\" width=\"1024\" height=\"576\" src=\"https:\/\/maiorescu.ro\/nou2015\/wp-content\/uploads\/2025\/11\/WhatsApp-Image-2025-11-06-at-12.22.58-2-1024x576.jpeg\" alt=\"\" class=\"wp-image-2098\" srcset=\"https:\/\/maiorescu.ro\/nou2015\/wp-content\/uploads\/2025\/11\/WhatsApp-Image-2025-11-06-at-12.22.58-2-1024x576.jpeg 1024w, https:\/\/maiorescu.ro\/nou2015\/wp-content\/uploads\/2025\/11\/WhatsApp-Image-2025-11-06-at-12.22.58-2-300x169.jpeg 300w, https:\/\/maiorescu.ro\/nou2015\/wp-content\/uploads\/2025\/11\/WhatsApp-Image-2025-11-06-at-12.22.58-2-768x432.jpeg 768w, https:\/\/maiorescu.ro\/nou2015\/wp-content\/uploads\/2025\/11\/WhatsApp-Image-2025-11-06-at-12.22.58-2-1536x864.jpeg 1536w, https:\/\/maiorescu.ro\/nou2015\/wp-content\/uploads\/2025\/11\/WhatsApp-Image-2025-11-06-at-12.22.58-2.jpeg 1600w\" sizes=\"auto, (max-width: 1024px) 100vw, 1024px\" \/><\/a><\/figure>\n\n\n\n<figure class=\"wp-block-gallery has-nested-images columns-default is-cropped wp-block-gallery-2 is-layout-flex wp-block-gallery-is-layout-flex\">\n<figure class=\"wp-block-image size-large\"><a href=\"https:\/\/maiorescu.ro\/nou2015\/wp-content\/uploads\/2025\/11\/WhatsApp-Image-2025-11-06-at-12.22.58-3.jpeg\"><img loading=\"lazy\" decoding=\"async\" width=\"1024\" height=\"768\" data-id=\"2097\" src=\"https:\/\/maiorescu.ro\/nou2015\/wp-content\/uploads\/2025\/11\/WhatsApp-Image-2025-11-06-at-12.22.58-3-1024x768.jpeg\" alt=\"\" class=\"wp-image-2097\" srcset=\"https:\/\/maiorescu.ro\/nou2015\/wp-content\/uploads\/2025\/11\/WhatsApp-Image-2025-11-06-at-12.22.58-3-1024x768.jpeg 1024w, https:\/\/maiorescu.ro\/nou2015\/wp-content\/uploads\/2025\/11\/WhatsApp-Image-2025-11-06-at-12.22.58-3-300x225.jpeg 300w, https:\/\/maiorescu.ro\/nou2015\/wp-content\/uploads\/2025\/11\/WhatsApp-Image-2025-11-06-at-12.22.58-3-768x576.jpeg 768w, https:\/\/maiorescu.ro\/nou2015\/wp-content\/uploads\/2025\/11\/WhatsApp-Image-2025-11-06-at-12.22.58-3-1536x1152.jpeg 1536w, https:\/\/maiorescu.ro\/nou2015\/wp-content\/uploads\/2025\/11\/WhatsApp-Image-2025-11-06-at-12.22.58-3.jpeg 1600w\" sizes=\"auto, (max-width: 1024px) 100vw, 1024px\" \/><\/a><\/figure>\n<\/figure>\n","protected":false},"excerpt":{"rendered":"<p>&#8221; Pe 4 noiembrie, la Ateneul \u201eNicolae B\u0103l\u0103nescu\u201d din Giurgiu, reflectoarele s-au aprins pentru unul dintre cele mai a\u0219teptate evenimente ale anului \u2013 Balul Bobocilor CNIM 2025, o sear\u0103 dedicat\u0103 elegan\u021bei, creativit\u0103\u021bii \u0219i spiritului t\u00e2n\u0103r. &nbsp;&nbsp;&nbsp;&nbsp; Tema principal\u0103, \u201eLights, Camera, &hellip; <a href=\"https:\/\/maiorescu.ro\/nou2015\/balul-bobocilor\/\">Continu\u0103 s\u0103 cite\u0219ti <span class=\"meta-nav\">&rarr;<\/span><\/a><\/p>\n","protected":false},"author":1,"featured_media":0,"parent":0,"menu_order":0,"comment_status":"closed","ping_status":"closed","template":"","meta":{"footnotes":""},"class_list":["post-876","page","type-page","status-publish","hentry"],"_links":{"self":[{"href":"https:\/\/maiorescu.ro\/nou2015\/wp-json\/wp\/v2\/pages\/876","targetHints":{"allow":["GET"]}}],"collection":[{"href":"https:\/\/maiorescu.ro\/nou2015\/wp-json\/wp\/v2\/pages"}],"about":[{"href":"https:\/\/maiorescu.ro\/nou2015\/wp-json\/wp\/v2\/types\/page"}],"author":[{"embeddable":true,"href":"https:\/\/maiorescu.ro\/nou2015\/wp-json\/wp\/v2\/users\/1"}],"replies":[{"embeddable":true,"href":"https:\/\/maiorescu.ro\/nou2015\/wp-json\/wp\/v2\/comments?post=876"}],"version-history":[{"count":11,"href":"https:\/\/maiorescu.ro\/nou2015\/wp-json\/wp\/v2\/pages\/876\/revisions"}],"predecessor-version":[{"id":2109,"href":"https:\/\/maiorescu.ro\/nou2015\/wp-json\/wp\/v2\/pages\/876\/revisions\/2109"}],"wp:attachment":[{"href":"https:\/\/maiorescu.ro\/nou2015\/wp-json\/wp\/v2\/media?parent=876"}],"curies":[{"name":"wp","href":"https:\/\/api.w.org\/{rel}","templated":true}]}}