{"id":984,"date":"2018-12-11T10:37:29","date_gmt":"2018-12-11T10:37:29","guid":{"rendered":"http:\/\/maiorescu.ro\/nou2015\/?page_id=984"},"modified":"2026-04-06T11:32:11","modified_gmt":"2026-04-06T11:32:11","slug":"home","status":"publish","type":"page","link":"https:\/\/maiorescu.ro\/nou2015\/","title":{"rendered":"Home"},"content":{"rendered":"\n<blockquote class=\"wp-block-quote is-layout-flow wp-block-quote-is-layout-flow\">\n<p><strong>Bine ati venit pe site-ul oficial al Colegiului National Ion Maiorescu!<\/strong><\/p>\n\n\n\n<figure class=\"wp-block-gallery has-nested-images columns-default is-cropped wp-block-gallery-1 is-layout-flex wp-block-gallery-is-layout-flex\"><\/figure>\n\n\n\n<p><a href=\"https:\/\/www.facebook.com\/people\/Colegiul-National-Ion-Maiorescu-Pagina-Oficiala\/100039202573788\/\">Pagina de Facebook a liceului.<\/a><\/p>\n\n\n\n<p><\/p>\n\n\n\n<p class=\"has-medium-font-size\"><\/p>\n\n\n\n<p><\/p>\n\n\n\n<hr class=\"wp-block-separator has-alpha-channel-opacity\"\/>\n\n\n\n<blockquote class=\"wp-block-quote is-layout-flow wp-block-quote-is-layout-flow\">\n<p>Proiect EPAS<\/p>\n\n\n\n<p>Colegiul Na\u021bional \u201dIon Maiorescu\u201d este \u0219coal\u0103 candidat la titlul de \u201d\u0218coal\u0103-Ambasador a Parlamentului European\u201d particip\u00e2nd la activit\u0103\u021bile proiecului \u201d\u0218coli-Ambasador ale Parlamentului European\u201d &nbsp;implementat la nivel na\u021bional de Biroul de leg\u0103tur\u0103 al Parlamentului European la Bucure\u0219ti.<\/p>\n\n\n\n<p>Proiectul presupune formarea a dou\u0103 echipe de ambasadori seniori \u0219i juniori, profesori \u0219i elevi, la nivelul fiec\u0103rei \u0219coli, care au rolul&nbsp; de a-i familiariza pe to\u021bi elevii \u0219colii cu democra\u021bia parlamentar\u0103 european\u0103, cu rolul Parlamentului European \u0219i cu valorile europene. Este important s\u0103 \u0219tim to\u021bi c\u0103 Uniunea European\u0103 promoveaz\u0103 pacea \u0219i bun\u0103starea cet\u0103\u021benilor s\u0103i, libertatea ca cet\u0103\u021benii s\u0103 locuiasc\u0103, s\u0103 studieze sau s\u0103 lucreze oriunde \u00een UE, de asemenea sus\u021bine cea mai mare pia\u021b\u0103 unic\u0103 din lume \u0219i insist\u0103 pe respectarea drepturilor omului.<\/p>\n\n\n\n<p>\u00cen acest sens echipa de ambasasadori juniori de la Colegiul Na\u021bional \u201dIon Maiorescu\u201d Giurgiu este format\u0103 din 15 elevi de clasa a IX-a, care organizeaz\u0103 \u00een \u0219coal\u0103, \u00een alte institu\u021bii \u0219colare dar \u0219i \u00een comunitatea local\u0103 activit\u0103\u021bi de informare cu privire la: instoria Uniunii Europene, rolul Parlamentului European \u0219i al Consiliului European, pun accent pe combaterea dezinform\u0103rii oamenilor mai ales \u00een mediul online. Astfel, campaniile de dezinformare la scar\u0103 larg\u0103 reprezint\u0103 o provocare major\u0103 pentru Europa \u0219i necesit\u0103 un r\u0103spuns coordonat din partea \u021b\u0103rilor UE, a institu\u021biilor UE, a platformelor online, a mass-mediei de \u0219tiri \u0219i a cet\u0103\u021benilor UE.<\/p>\n<\/blockquote>\n\n\n\n<p><\/p>\n\n\n\n<p><\/p>\n\n\n\n<figure class=\"wp-block-gallery has-nested-images columns-default is-cropped wp-block-gallery-2 is-layout-flex wp-block-gallery-is-layout-flex\"><\/figure>\n\n\n\n<figure class=\"wp-block-gallery has-nested-images columns-default is-cropped wp-block-gallery-3 is-layout-flex wp-block-gallery-is-layout-flex\">\n<figure class=\"wp-block-image size-large\"><a href=\"https:\/\/maiorescu.ro\/nou2015\/wp-content\/uploads\/2025\/05\/aaa.jpg\"><img loading=\"lazy\" decoding=\"async\" width=\"1024\" height=\"768\" data-id=\"1969\" src=\"https:\/\/maiorescu.ro\/nou2015\/wp-content\/uploads\/2025\/05\/aaa-1024x768.jpg\" alt=\"\" class=\"wp-image-1969\" srcset=\"https:\/\/maiorescu.ro\/nou2015\/wp-content\/uploads\/2025\/05\/aaa-1024x768.jpg 1024w, https:\/\/maiorescu.ro\/nou2015\/wp-content\/uploads\/2025\/05\/aaa-300x225.jpg 300w, https:\/\/maiorescu.ro\/nou2015\/wp-content\/uploads\/2025\/05\/aaa-768x576.jpg 768w, https:\/\/maiorescu.ro\/nou2015\/wp-content\/uploads\/2025\/05\/aaa-1536x1152.jpg 1536w, https:\/\/maiorescu.ro\/nou2015\/wp-content\/uploads\/2025\/05\/aaa.jpg 1600w\" sizes=\"auto, (max-width: 1024px) 100vw, 1024px\" \/><\/a><\/figure>\n<\/figure>\n\n\n\n<p class=\"has-medium-font-size\"><\/p>\n<\/blockquote>\n\n\n\n<p class=\"has-medium-font-size\"><strong> <\/strong><\/p>\n\n\n\n<hr class=\"wp-block-separator has-alpha-channel-opacity has-light-green-cyan-to-vivid-green-cyan-gradient-background has-background is-style-wide\"\/>\n\n\n\n<p><a href=\"http:\/\/www.maiorescu.ro\/nou2015\/smart-lab\">Anun\u021b \u00eencepere proiect PNRR.<\/a><\/p>\n\n\n\n<p><a href=\"https:\/\/maiorescu.ro\/nou2015\/wp-content\/uploads\/2025\/07\/Legenda-plan-tactil-Scoala-Ion-Maiorescu-Giurgiu.pdf\">Plan tactil<\/a><\/p>\n\n\n\n<hr class=\"wp-block-separator has-css-opacity is-style-wide\"\/>\n\n\n\n<p>Din Andrei Ple\u0219u,&nbsp; Gabriel Liiceanu &#8211; Dialoguri de duminic\u0103<\/p>\n\n\n\n<p>(text cules de dna prof. Monica Mitea)<\/p>\n\n\n\n<ul class=\"wp-block-list\">\n<li>Regulile convie\u021buirii, s\u0103 coabiteze bine, s\u0103-\u0219i potoleasc\u0103 agresivitatea<\/li>\n\n\n\n<li>S\u0103 se slujeasc\u0103 de mintea proprie<\/li>\n\n\n\n<li>S\u0103 fie sau s\u0103 devin\u0103 subiecte (nu obiecte), s\u0103-\u0219i poat\u0103 lua propria via\u021b\u0103 \u00een m\u00e2ini<\/li>\n\n\n\n<li>S\u0103 fie \u00een consonan\u021b\u0103 cu ritmurile \u0219colii, dar l\u0103s\u00e2nd loc ritmurilor personale<\/li>\n\n\n\n<li>S\u0103 citeasc\u0103<\/li>\n\n\n\n<li>S\u0103 aib\u0103, cu discern\u0103m\u00e2nt modele pozitive<\/li>\n\n\n\n<li>S\u0103 comunice adecvat (elev-profesor, \u00eentre prieteni)<\/li>\n\n\n\n<li>S\u0103 fie creativi<\/li>\n\n\n\n<li>S\u0103 aib\u0103 bun gust<\/li>\n\n\n\n<li>S\u0103 vorbeasc\u0103 limba rom\u00e2n\u0103 corect<\/li>\n\n\n\n<li>S\u0103 \u0219tie s\u0103 \u00eenve\u021be, s\u0103 disting\u0103 esen\u021bialul<\/li>\n\n\n\n<li>S\u0103 aib\u0103 repere de cultur\u0103 general\u0103<\/li>\n\n\n\n<li>S\u0103 c\u00e2\u0219tige c\u00e2teva repere ale domeniului \u00een care vor s\u0103 se specializeze, s\u0103-\u0219i identifice voca\u021bia<\/li>\n\n\n\n<li>S\u0103 \u0219tie c\u0103 exist\u0103 c\u00e2teva adev\u0103ruri etern umane<\/li>\n\n\n\n<li>S\u0103 recunoasc\u0103 valorile, ceea ce omenirea a selec\u021bionat de-a lungul vremii, marea cultur\u0103 a lumii<\/li>\n<\/ul>\n\n\n\n<ul class=\"wp-block-list\">\n<li>S\u0103-\u0219i dep\u0103\u0219easc\u0103 inhibi\u021biile \u00een formularea r\u0103spunsurilor argumentate<\/li>\n<\/ul>\n\n\n\n<p><\/p>\n\n\n\n<p><\/p>\n","protected":false},"excerpt":{"rendered":"<p>Anun\u021b \u00eencepere proiect PNRR. Plan tactil Din Andrei Ple\u0219u,&nbsp; Gabriel Liiceanu &#8211; Dialoguri de duminic\u0103 (text cules de dna prof. Monica Mitea)<\/p>\n","protected":false},"author":1,"featured_media":0,"parent":0,"menu_order":0,"comment_status":"closed","ping_status":"closed","template":"","meta":{"footnotes":""},"class_list":["post-984","page","type-page","status-publish","hentry"],"_links":{"self":[{"href":"https:\/\/maiorescu.ro\/nou2015\/wp-json\/wp\/v2\/pages\/984","targetHints":{"allow":["GET"]}}],"collection":[{"href":"https:\/\/maiorescu.ro\/nou2015\/wp-json\/wp\/v2\/pages"}],"about":[{"href":"https:\/\/maiorescu.ro\/nou2015\/wp-json\/wp\/v2\/types\/page"}],"author":[{"embeddable":true,"href":"https:\/\/maiorescu.ro\/nou2015\/wp-json\/wp\/v2\/users\/1"}],"replies":[{"embeddable":true,"href":"https:\/\/maiorescu.ro\/nou2015\/wp-json\/wp\/v2\/comments?post=984"}],"version-history":[{"count":228,"href":"https:\/\/maiorescu.ro\/nou2015\/wp-json\/wp\/v2\/pages\/984\/revisions"}],"predecessor-version":[{"id":2225,"href":"https:\/\/maiorescu.ro\/nou2015\/wp-json\/wp\/v2\/pages\/984\/revisions\/2225"}],"wp:attachment":[{"href":"https:\/\/maiorescu.ro\/nou2015\/wp-json\/wp\/v2\/media?parent=984"}],"curies":[{"name":"wp","href":"https:\/\/api.w.org\/{rel}","templated":true}]}}